{"id":7744,"date":"2023-07-23T14:57:06","date_gmt":"2023-07-23T11:57:06","guid":{"rendered":"https:\/\/brusselsmussels.lt\/?page_id=7744"},"modified":"2023-07-25T09:37:20","modified_gmt":"2023-07-25T06:37:20","slug":"centrum-erdve","status":"publish","type":"page","link":"https:\/\/brusselsmussels.lt\/lt\/centrum-erdve\/","title":{"rendered":"Centrum Centrum erdv\u0117"},"content":{"rendered":"<div  class=\"one ppb_card_two_cols_with_image\" style=\"position:relative;padding:40px 0 40px 0;\" >\n<div class=\"standard_wrapper\">\n<div class=\"page_content_wrapper\">\n<div class=\"inner\">\n<div class=\"one_half parallax_scroll_image\" style=\"width:65%;\">\n<div class=\"image_classic_frame expand\">\n<div class=\"image_wrapper\"><a href=\"https:\/\/brusselsmussels.lt\/wp-content\/uploads\/2023\/07\/Brussels-Mussels-Vilniaus-g2748.jpg\" class=\"img_frame\"><img decoding=\"async\" src=\"https:\/\/brusselsmussels.lt\/wp-content\/uploads\/2023\/07\/Brussels-Mussels-Vilniaus-g2748.jpg\" class=\"portfolio_img\" alt=\"\"\/><\/a><\/div>\n<\/div>\n<\/div>\n<div class=\"one_half last parallax_scroll\" style=\"width:40%;position:absolute;right:90px;padding:40px;background:#ffffff;\" data-stellar-ratio=\"1.3\">\n<h2 class=\"ppb_title\" ><span class=\"ppb_title_first\" >\u201cParc<\/span>\u201cParc De Laeken\u201d \u2013 taip pavadinta nauja i\u0161skirtin\u0117 ir privati Brussels Mussels Centrum erdv\u0117, kuri\u0105 galite rezervuoti savo \u0161ventei!<\/h2>\n<div class=\"page_header_sep left\" ><\/div>\n<p>Parc De Lakean tai did\u017eiausias ir istori\u0161kai pirmasis miesto parkas Briuselyje, Belgijoje. Parkas gyvas jau nuo Viduram\u017ei\u0173 laik\u0173, kuriame buvo med\u017eiojama. Per \u0161imtus met\u0173 parkas patyr\u0117 ir revoliucinius \u012fvykius, ir mat\u0117 daug gyvenimo: i\u0161sipuo\u0161usi\u0173 poni\u0173 ir pon\u0173, nuo slapt\u0173 susitikim\u0173 iki oficiali\u0173 \u012fvyki\u0173.<\/p>\n<p>Brussels Mussels Centrum restorane \u012fkurtos erdv\u0117s interjeras \u012fkv\u0117ptas b\u016btent \u0161io parko istorijos. Prabang\u0105 menan\u010dios detal\u0117s bei istoriniais ra\u0161tais su med\u017eiokl\u0117s motyvais puo\u0161tos kolonos. Priva\u010dioje zonoje pasir\u016bpinta garso sistema, tinkama smagiems vakar\u0117liams, taip pat yra atskiras i\u0161\u0117jimas \u012f Jogailos gatv\u0119.<\/p>\n<p>U\u017e interjero sprendimus d\u0117kojame \u201cPonama\u201d komandai.<\/p>\n<p>Susisiekite:<\/p>\n<p>Tel. nr.: +37061793777<br \/>\nEl.pa\u0161tas:\u00a0<a href=\"mailto:centrum@brusselsmussels.lt\">centrum@brusselsmussels.lt<\/a><\/div>\n<p><br class=\"clear\"\/><\/div>\n<\/div>\n<\/div>\n<\/div>\n<div  class=\"one\">\n<div id=\"16902670402030955624\" class=\"photo_wall_wrapper shortcode withmargin\">\n<div class=\"wall_entry withmargin\">\n<div class=\"wall_thumbnail\"><a class=\"fancy-gallery\" href=\"https:\/\/brusselsmussels.lt\/wp-content\/uploads\/2023\/07\/DQ2A3111.jpg\" title=\"\" ><img decoding=\"async\" src=\"https:\/\/brusselsmussels.lt\/wp-content\/uploads\/2023\/07\/DQ2A3111-400x400.jpg\" alt=\"\"\/><\/a><\/div>\n<\/div>\n<div class=\"wall_entry withmargin\">\n<div class=\"wall_thumbnail\"><a class=\"fancy-gallery\" href=\"https:\/\/brusselsmussels.lt\/wp-content\/uploads\/2023\/07\/DQ2A3121.jpg\" title=\"\" ><img decoding=\"async\" src=\"https:\/\/brusselsmussels.lt\/wp-content\/uploads\/2023\/07\/DQ2A3121-400x400.jpg\" alt=\"\"\/><\/a><\/div>\n<\/div>\n<div class=\"wall_entry withmargin\">\n<div class=\"wall_thumbnail\"><a class=\"fancy-gallery\" href=\"https:\/\/brusselsmussels.lt\/wp-content\/uploads\/2023\/07\/DQ2A3114.jpg\" title=\"\" ><img decoding=\"async\" src=\"https:\/\/brusselsmussels.lt\/wp-content\/uploads\/2023\/07\/DQ2A3114-400x400.jpg\" alt=\"\"\/><\/a><\/div>\n<\/div>\n<div class=\"wall_entry withmargin\">\n<div class=\"wall_thumbnail\"><a class=\"fancy-gallery\" href=\"https:\/\/brusselsmussels.lt\/wp-content\/uploads\/2023\/07\/DQ2A3096.jpg\" title=\"\" ><img decoding=\"async\" src=\"https:\/\/brusselsmussels.lt\/wp-content\/uploads\/2023\/07\/DQ2A3096-400x400.jpg\" alt=\"\"\/><\/a><\/div>\n<\/div>\n<div class=\"wall_entry withmargin\">\n<div class=\"wall_thumbnail\"><a class=\"fancy-gallery\" href=\"https:\/\/brusselsmussels.lt\/wp-content\/uploads\/2023\/07\/DQ2A3100.jpg\" title=\"\" ><img decoding=\"async\" src=\"https:\/\/brusselsmussels.lt\/wp-content\/uploads\/2023\/07\/DQ2A3100-400x400.jpg\" alt=\"\"\/><\/a><\/div>\n<\/div>\n<div class=\"wall_entry withmargin\">\n<div class=\"wall_thumbnail\"><a class=\"fancy-gallery\" href=\"https:\/\/brusselsmussels.lt\/wp-content\/uploads\/2023\/07\/Brussels-Mussels-Vilniaus-g2851.jpg\" title=\"\" ><img decoding=\"async\" src=\"https:\/\/brusselsmussels.lt\/wp-content\/uploads\/2023\/07\/Brussels-Mussels-Vilniaus-g2851-400x400.jpg\" alt=\"\"\/><\/a><\/div>\n<\/div>\n<div class=\"wall_entry withmargin\">\n<div class=\"wall_thumbnail\"><a class=\"fancy-gallery\" href=\"https:\/\/brusselsmussels.lt\/wp-content\/uploads\/2023\/07\/DQ2A3118.jpg\" title=\"\" ><img decoding=\"async\" src=\"https:\/\/brusselsmussels.lt\/wp-content\/uploads\/2023\/07\/DQ2A3118-400x400.jpg\" alt=\"\"\/><\/a><\/div>\n<\/div>\n<div class=\"wall_entry withmargin\">\n<div class=\"wall_thumbnail\"><a class=\"fancy-gallery\" href=\"https:\/\/brusselsmussels.lt\/wp-content\/uploads\/2023\/07\/Brussels-Mussels-Vilniaus-g2764.jpg\" title=\"\" ><img decoding=\"async\" src=\"https:\/\/brusselsmussels.lt\/wp-content\/uploads\/2023\/07\/Brussels-Mussels-Vilniaus-g2764-400x400.jpg\" alt=\"\"\/><\/a><\/div>\n<\/div>\n<div class=\"wall_entry withmargin\">\n<div class=\"wall_thumbnail\"><a class=\"fancy-gallery\" href=\"https:\/\/brusselsmussels.lt\/wp-content\/uploads\/2023\/07\/Brussels-Mussels-Vilniaus-g2760.jpg\" title=\"\" ><img decoding=\"async\" src=\"https:\/\/brusselsmussels.lt\/wp-content\/uploads\/2023\/07\/Brussels-Mussels-Vilniaus-g2760-400x400.jpg\" alt=\"\"\/><\/a><\/div>\n<\/div>\n<div class=\"wall_entry withmargin\">\n<div class=\"wall_thumbnail\"><a class=\"fancy-gallery\" href=\"https:\/\/brusselsmussels.lt\/wp-content\/uploads\/2023\/07\/Brussels-Mussels-Vilniaus-g2734.jpg\" title=\"\" ><img decoding=\"async\" src=\"https:\/\/brusselsmussels.lt\/wp-content\/uploads\/2023\/07\/Brussels-Mussels-Vilniaus-g2734-400x400.jpg\" alt=\"\"\/><\/a><\/div>\n<\/div>\n<div class=\"wall_entry withmargin\">\n<div class=\"wall_thumbnail\"><a class=\"fancy-gallery\" href=\"https:\/\/brusselsmussels.lt\/wp-content\/uploads\/2023\/07\/Brussels-Mussels-Vilniaus-g2763.jpg\" title=\"\" ><img decoding=\"async\" src=\"https:\/\/brusselsmussels.lt\/wp-content\/uploads\/2023\/07\/Brussels-Mussels-Vilniaus-g2763-400x400.jpg\" alt=\"\"\/><\/a><\/div>\n<\/div>\n<div class=\"wall_entry withmargin\">\n<div class=\"wall_thumbnail\"><a class=\"fancy-gallery\" href=\"https:\/\/brusselsmussels.lt\/wp-content\/uploads\/2023\/07\/Brussels-Mussels-Vilniaus-g2748.jpg\" title=\"\" ><img decoding=\"async\" src=\"https:\/\/brusselsmussels.lt\/wp-content\/uploads\/2023\/07\/Brussels-Mussels-Vilniaus-g2748-400x400.jpg\" alt=\"\"\/><\/a><\/div>\n<\/div>\n<div class=\"wall_entry withmargin\">\n<div class=\"wall_thumbnail\"><a class=\"fancy-gallery\" href=\"https:\/\/brusselsmussels.lt\/wp-content\/uploads\/2023\/07\/Brussels-Mussels-Vilniaus-g2747.jpg\" title=\"\" ><img decoding=\"async\" src=\"https:\/\/brusselsmussels.lt\/wp-content\/uploads\/2023\/07\/Brussels-Mussels-Vilniaus-g2747-400x400.jpg\" alt=\"\"\/><\/a><\/div>\n<\/div>\n<div class=\"wall_entry withmargin\">\n<div class=\"wall_thumbnail\"><a class=\"fancy-gallery\" href=\"https:\/\/brusselsmussels.lt\/wp-content\/uploads\/2023\/07\/Brussels-Mussels-Vilniaus-g2728.jpg\" title=\"\" ><img decoding=\"async\" src=\"https:\/\/brusselsmussels.lt\/wp-content\/uploads\/2023\/07\/Brussels-Mussels-Vilniaus-g2728-400x400.jpg\" alt=\"\"\/><\/a><\/div>\n<\/div>\n<div class=\"wall_entry withmargin\">\n<div class=\"wall_thumbnail\"><a class=\"fancy-gallery\" href=\"https:\/\/brusselsmussels.lt\/wp-content\/uploads\/2023\/07\/DQ2A3123.jpg\" title=\"\" ><img decoding=\"async\" src=\"https:\/\/brusselsmussels.lt\/wp-content\/uploads\/2023\/07\/DQ2A3123-400x400.jpg\" alt=\"\"\/><\/a><\/div>\n<\/div>\n<\/div>\n<\/div>\n","protected":false},"excerpt":{"rendered":"<p>\u201cParc\u201cParc De Laeken\u201d \u2013 taip pavadinta nauja i\u0161skirtin\u0117 ir privati Brussels Mussels Centrum erdv\u0117, kuri\u0105 galite rezervuoti savo \u0161ventei! Parc De Lakean tai did\u017eiausias ir istori\u0161kai pirmasis miesto parkas Briuselyje, Belgijoje. Parkas gyvas jau nuo Viduram\u017ei\u0173 laik\u0173, kuriame buvo med\u017eiojama. [&hellip;]<\/p>\n","protected":false},"author":1,"featured_media":7807,"parent":0,"menu_order":4,"comment_status":"closed","ping_status":"closed","template":"","meta":{"footnotes":""},"class_list":["post-7744","page","type-page","status-publish","has-post-thumbnail","hentry"],"yoast_head":"<!-- This site is optimized with the Yoast SEO plugin v27.1 - https:\/\/yoast.com\/product\/yoast-seo-wordpress\/ -->\n<title>Renginiams - Brussels Mussels<\/title>\n<meta name=\"robots\" content=\"index, follow, max-snippet:-1, max-image-preview:large, max-video-preview:-1\" \/>\n<link rel=\"canonical\" href=\"https:\/\/brusselsmussels.lt\/lt\/centrum-erdve\/\" \/>\n<meta property=\"og:locale\" content=\"lt_LT\" \/>\n<meta property=\"og:type\" content=\"article\" \/>\n<meta property=\"og:title\" content=\"Renginiams - Brussels Mussels\" \/>\n<meta property=\"og:description\" content=\"\u201cParc\u201cParc De Laeken\u201d \u2013 taip pavadinta nauja i\u0161skirtin\u0117 ir privati Brussels Mussels Centrum erdv\u0117, kuri\u0105 galite rezervuoti savo \u0161ventei! Parc De Lakean tai did\u017eiausias ir istori\u0161kai pirmasis miesto parkas Briuselyje, Belgijoje. Parkas gyvas jau nuo Viduram\u017ei\u0173 laik\u0173, kuriame buvo med\u017eiojama. [&hellip;]\" \/>\n<meta property=\"og:url\" content=\"https:\/\/brusselsmussels.lt\/lt\/centrum-erdve\/\" \/>\n<meta property=\"og:site_name\" content=\"Brussels Mussels\" \/>\n<meta property=\"article:publisher\" content=\"https:\/\/www.facebook.com\/BrusselsMussels\" \/>\n<meta property=\"article:modified_time\" content=\"2023-07-25T06:37:20+00:00\" \/>\n<meta property=\"og:image\" content=\"https:\/\/brusselsmussels.lt\/wp-content\/uploads\/2023\/07\/Untitled_HDR-29-1.jpg\" \/>\n\t<meta property=\"og:image:width\" content=\"2000\" \/>\n\t<meta property=\"og:image:height\" content=\"1331\" \/>\n\t<meta property=\"og:image:type\" content=\"image\/jpeg\" \/>\n<meta name=\"twitter:card\" content=\"summary_large_image\" \/>\n<meta name=\"twitter:label1\" content=\"Est. reading time\" \/>\n\t<meta name=\"twitter:data1\" content=\"4 minut\u0117s\" \/>\n<script type=\"application\/ld+json\" class=\"yoast-schema-graph\">{\"@context\":\"https:\/\/schema.org\",\"@graph\":[{\"@type\":\"WebPage\",\"@id\":\"https:\/\/brusselsmussels.lt\/lt\/centrum-erdve\/\",\"url\":\"https:\/\/brusselsmussels.lt\/lt\/centrum-erdve\/\",\"name\":\"Renginiams - Brussels Mussels\",\"isPartOf\":{\"@id\":\"https:\/\/brusselsmussels.lt\/lt\/#website\"},\"primaryImageOfPage\":{\"@id\":\"https:\/\/brusselsmussels.lt\/lt\/centrum-erdve\/#primaryimage\"},\"image\":{\"@id\":\"https:\/\/brusselsmussels.lt\/lt\/centrum-erdve\/#primaryimage\"},\"thumbnailUrl\":\"https:\/\/brusselsmussels.lt\/wp-content\/uploads\/2023\/07\/Untitled_HDR-29-1.jpg\",\"datePublished\":\"2023-07-23T11:57:06+00:00\",\"dateModified\":\"2023-07-25T06:37:20+00:00\",\"breadcrumb\":{\"@id\":\"https:\/\/brusselsmussels.lt\/lt\/centrum-erdve\/#breadcrumb\"},\"inLanguage\":\"lt-LT\",\"potentialAction\":[{\"@type\":\"ReadAction\",\"target\":[\"https:\/\/brusselsmussels.lt\/lt\/centrum-erdve\/\"]}]},{\"@type\":\"ImageObject\",\"inLanguage\":\"lt-LT\",\"@id\":\"https:\/\/brusselsmussels.lt\/lt\/centrum-erdve\/#primaryimage\",\"url\":\"https:\/\/brusselsmussels.lt\/wp-content\/uploads\/2023\/07\/Untitled_HDR-29-1.jpg\",\"contentUrl\":\"https:\/\/brusselsmussels.lt\/wp-content\/uploads\/2023\/07\/Untitled_HDR-29-1.jpg\",\"width\":2000,\"height\":1331},{\"@type\":\"BreadcrumbList\",\"@id\":\"https:\/\/brusselsmussels.lt\/lt\/centrum-erdve\/#breadcrumb\",\"itemListElement\":[{\"@type\":\"ListItem\",\"position\":1,\"name\":\"Home\",\"item\":\"https:\/\/brusselsmussels.lt\/lt\/\"},{\"@type\":\"ListItem\",\"position\":2,\"name\":\"Centrum Centrum erdv\u0117\"}]},{\"@type\":\"WebSite\",\"@id\":\"https:\/\/brusselsmussels.lt\/lt\/#website\",\"url\":\"https:\/\/brusselsmussels.lt\/lt\/\",\"name\":\"Brussels Mussels\",\"description\":\"Belgian Pub\",\"publisher\":{\"@id\":\"https:\/\/brusselsmussels.lt\/lt\/#organization\"},\"potentialAction\":[{\"@type\":\"SearchAction\",\"target\":{\"@type\":\"EntryPoint\",\"urlTemplate\":\"https:\/\/brusselsmussels.lt\/lt\/?s={search_term_string}\"},\"query-input\":{\"@type\":\"PropertyValueSpecification\",\"valueRequired\":true,\"valueName\":\"search_term_string\"}}],\"inLanguage\":\"lt-LT\"},{\"@type\":\"Organization\",\"@id\":\"https:\/\/brusselsmussels.lt\/lt\/#organization\",\"name\":\"Brussels Mussels - Belgian Pub\",\"url\":\"https:\/\/brusselsmussels.lt\/lt\/\",\"logo\":{\"@type\":\"ImageObject\",\"inLanguage\":\"lt-LT\",\"@id\":\"https:\/\/brusselsmussels.lt\/lt\/#\/schema\/logo\/image\/\",\"url\":\"https:\/\/brusselsmussels.lt\/wp-content\/uploads\/2020\/08\/logo.gif\",\"contentUrl\":\"https:\/\/brusselsmussels.lt\/wp-content\/uploads\/2020\/08\/logo.gif\",\"width\":250,\"height\":250,\"caption\":\"Brussels Mussels - Belgian Pub\"},\"image\":{\"@id\":\"https:\/\/brusselsmussels.lt\/lt\/#\/schema\/logo\/image\/\"},\"sameAs\":[\"https:\/\/www.facebook.com\/BrusselsMussels\",\"https:\/\/www.instagram.com\/brusselsmusselspub\/\"]}]}<\/script>\n<!-- \/ Yoast SEO plugin. -->","yoast_head_json":{"title":"Renginiams - Brussels Mussels","robots":{"index":"index","follow":"follow","max-snippet":"max-snippet:-1","max-image-preview":"max-image-preview:large","max-video-preview":"max-video-preview:-1"},"canonical":"https:\/\/brusselsmussels.lt\/lt\/centrum-erdve\/","og_locale":"lt_LT","og_type":"article","og_title":"Renginiams - Brussels Mussels","og_description":"\u201cParc\u201cParc De Laeken\u201d \u2013 taip pavadinta nauja i\u0161skirtin\u0117 ir privati Brussels Mussels Centrum erdv\u0117, kuri\u0105 galite rezervuoti savo \u0161ventei! Parc De Lakean tai did\u017eiausias ir istori\u0161kai pirmasis miesto parkas Briuselyje, Belgijoje. Parkas gyvas jau nuo Viduram\u017ei\u0173 laik\u0173, kuriame buvo med\u017eiojama. [&hellip;]","og_url":"https:\/\/brusselsmussels.lt\/lt\/centrum-erdve\/","og_site_name":"Brussels Mussels","article_publisher":"https:\/\/www.facebook.com\/BrusselsMussels","article_modified_time":"2023-07-25T06:37:20+00:00","og_image":[{"width":2000,"height":1331,"url":"https:\/\/brusselsmussels.lt\/wp-content\/uploads\/2023\/07\/Untitled_HDR-29-1.jpg","type":"image\/jpeg"}],"twitter_card":"summary_large_image","twitter_misc":{"Est. reading time":"4 minut\u0117s"},"schema":{"@context":"https:\/\/schema.org","@graph":[{"@type":"WebPage","@id":"https:\/\/brusselsmussels.lt\/lt\/centrum-erdve\/","url":"https:\/\/brusselsmussels.lt\/lt\/centrum-erdve\/","name":"Renginiams - Brussels Mussels","isPartOf":{"@id":"https:\/\/brusselsmussels.lt\/lt\/#website"},"primaryImageOfPage":{"@id":"https:\/\/brusselsmussels.lt\/lt\/centrum-erdve\/#primaryimage"},"image":{"@id":"https:\/\/brusselsmussels.lt\/lt\/centrum-erdve\/#primaryimage"},"thumbnailUrl":"https:\/\/brusselsmussels.lt\/wp-content\/uploads\/2023\/07\/Untitled_HDR-29-1.jpg","datePublished":"2023-07-23T11:57:06+00:00","dateModified":"2023-07-25T06:37:20+00:00","breadcrumb":{"@id":"https:\/\/brusselsmussels.lt\/lt\/centrum-erdve\/#breadcrumb"},"inLanguage":"lt-LT","potentialAction":[{"@type":"ReadAction","target":["https:\/\/brusselsmussels.lt\/lt\/centrum-erdve\/"]}]},{"@type":"ImageObject","inLanguage":"lt-LT","@id":"https:\/\/brusselsmussels.lt\/lt\/centrum-erdve\/#primaryimage","url":"https:\/\/brusselsmussels.lt\/wp-content\/uploads\/2023\/07\/Untitled_HDR-29-1.jpg","contentUrl":"https:\/\/brusselsmussels.lt\/wp-content\/uploads\/2023\/07\/Untitled_HDR-29-1.jpg","width":2000,"height":1331},{"@type":"BreadcrumbList","@id":"https:\/\/brusselsmussels.lt\/lt\/centrum-erdve\/#breadcrumb","itemListElement":[{"@type":"ListItem","position":1,"name":"Home","item":"https:\/\/brusselsmussels.lt\/lt\/"},{"@type":"ListItem","position":2,"name":"Centrum Centrum erdv\u0117"}]},{"@type":"WebSite","@id":"https:\/\/brusselsmussels.lt\/lt\/#website","url":"https:\/\/brusselsmussels.lt\/lt\/","name":"Brussels Mussels","description":"Belgian Pub","publisher":{"@id":"https:\/\/brusselsmussels.lt\/lt\/#organization"},"potentialAction":[{"@type":"SearchAction","target":{"@type":"EntryPoint","urlTemplate":"https:\/\/brusselsmussels.lt\/lt\/?s={search_term_string}"},"query-input":{"@type":"PropertyValueSpecification","valueRequired":true,"valueName":"search_term_string"}}],"inLanguage":"lt-LT"},{"@type":"Organization","@id":"https:\/\/brusselsmussels.lt\/lt\/#organization","name":"Brussels Mussels - Belgian Pub","url":"https:\/\/brusselsmussels.lt\/lt\/","logo":{"@type":"ImageObject","inLanguage":"lt-LT","@id":"https:\/\/brusselsmussels.lt\/lt\/#\/schema\/logo\/image\/","url":"https:\/\/brusselsmussels.lt\/wp-content\/uploads\/2020\/08\/logo.gif","contentUrl":"https:\/\/brusselsmussels.lt\/wp-content\/uploads\/2020\/08\/logo.gif","width":250,"height":250,"caption":"Brussels Mussels - Belgian Pub"},"image":{"@id":"https:\/\/brusselsmussels.lt\/lt\/#\/schema\/logo\/image\/"},"sameAs":["https:\/\/www.facebook.com\/BrusselsMussels","https:\/\/www.instagram.com\/brusselsmusselspub\/"]}]}},"_links":{"self":[{"href":"https:\/\/brusselsmussels.lt\/lt\/wp-json\/wp\/v2\/pages\/7744","targetHints":{"allow":["GET"]}}],"collection":[{"href":"https:\/\/brusselsmussels.lt\/lt\/wp-json\/wp\/v2\/pages"}],"about":[{"href":"https:\/\/brusselsmussels.lt\/lt\/wp-json\/wp\/v2\/types\/page"}],"author":[{"embeddable":true,"href":"https:\/\/brusselsmussels.lt\/lt\/wp-json\/wp\/v2\/users\/1"}],"replies":[{"embeddable":true,"href":"https:\/\/brusselsmussels.lt\/lt\/wp-json\/wp\/v2\/comments?post=7744"}],"version-history":[{"count":14,"href":"https:\/\/brusselsmussels.lt\/lt\/wp-json\/wp\/v2\/pages\/7744\/revisions"}],"predecessor-version":[{"id":7809,"href":"https:\/\/brusselsmussels.lt\/lt\/wp-json\/wp\/v2\/pages\/7744\/revisions\/7809"}],"wp:featuredmedia":[{"embeddable":true,"href":"https:\/\/brusselsmussels.lt\/lt\/wp-json\/wp\/v2\/media\/7807"}],"wp:attachment":[{"href":"https:\/\/brusselsmussels.lt\/lt\/wp-json\/wp\/v2\/media?parent=7744"}],"curies":[{"name":"wp","href":"https:\/\/api.w.org\/{rel}","templated":true}]}}