{"id":7532,"date":"2022-09-20T19:35:47","date_gmt":"2022-09-20T16:35:47","guid":{"rendered":"https:\/\/brusselsmussels.lt\/?page_id=7532"},"modified":"2023-07-23T15:03:33","modified_gmt":"2023-07-23T12:03:33","slug":"stadium-erdve","status":"publish","type":"page","link":"https:\/\/brusselsmussels.lt\/lt\/stadium-erdve\/","title":{"rendered":"Stadium Stadium erdv\u0117"},"content":{"rendered":"<div  class=\"one ppb_card_two_cols_with_image\" style=\"position:relative;padding:0px 0 0px 0;\" >\n<div class=\"standard_wrapper\">\n<div class=\"page_content_wrapper\">\n<div class=\"inner\">\n<div class=\"one_half parallax_scroll\" style=\"width:50%;position:absolute;left:90px;padding:0px;z-index:2;block !important;background:#fff;\" data-stellar-ratio=\"1.3\">\n<h2 class=\"ppb_title\" ><span class=\"ppb_title_first\" >Brussels<\/span>Brussels Mussels Rinktin\u0117s g. atskira erdv\u0117 \u2013 j\u016bs\u0173 \u0161eimos draug\u0173 ar \u012fmon\u0117s priva\u010diai \u0161ventei<\/h2>\n<div class=\"page_header_sep left\" ><\/div>\n<p>Jauki atskira restorano zona, kurioje \u012frengtas privatus degustacinis baras, puikiai tiks asmenin\u0117ms \u0161vent\u0117ms, \u012fmon\u0117s vakar\u0117liams ar komandos formavimo renginiams bei degustacijoms.<\/p>\n<p>Brussels Mussels profesional\u0173 komanda prisid\u0117s, jog j\u016bs\u0173 \u0161vent\u0117 b\u016bt\u0173 ypatinga. Pasir\u016bpinsime u\u017ekand\u017eiais bei g\u0117rimais. Taip pat si\u016blome galimyb\u0119 surengti alaus, vyno ar d\u017eino degustacijas.<\/p>\n<p>Puiki lokacija ir gera aura garantuota, praleiskite puik\u0173 laik\u0105 su brangiais \u017emon\u0117mis!<\/p>\n<p>Susisiekite:<\/p>\n<p>Tel. nr.: +37061793777<br \/>\nEl.pa\u0161tas: <a href=\"mailto:stadium@brusselsmussels.lt\">stadium@brusselsmussels.lt<\/a><\/div>\n<div class=\"one_half parallax_scroll_image last\" style=\"width:50%;\"><\/div>\n<p><br class=\"clear\"\/><\/div>\n<\/div>\n<\/div>\n<\/div>\n<div  class=\"one ppb_card_two_cols_with_image\" style=\"position:relative;padding:0px 0 0px 0;\" >\n<div class=\"standard_wrapper\">\n<div class=\"page_content_wrapper\">\n<div class=\"inner\">\n<div class=\"one_half parallax_scroll\" style=\"width:50%;position:absolute;left:90px;padding:0px;z-index:2;block !important;background:#fff;\" data-stellar-ratio=\"1.3\">\n<h2 class=\"ppb_title\" ><span class=\"ppb_title_first\" >Brussels<\/span>Brussels Mussels Rinktin\u0117s g. atskira erdv\u0117 \u2013 j\u016bs\u0173 \u0161eimos draug\u0173 ar \u012fmon\u0117s priva\u010diai \u0161ventei<\/h2>\n<div class=\"page_header_sep left\" ><\/div>\n<p>Jauki atskira restorano zona, kurioje \u012frengtas privatus degustacinis baras, puikiai tiks asmenin\u0117ms \u0161vent\u0117ms, \u012fmon\u0117s vakar\u0117liams ar komandos formavimo renginiams bei degustacijoms.<\/p>\n<p>Brussels Mussels profesional\u0173 komanda prisid\u0117s, jog j\u016bs\u0173 \u0161vent\u0117 b\u016bt\u0173 ypatinga. Pasir\u016bpinsime u\u017ekand\u017eiais bei g\u0117rimais. Taip pat si\u016blome galimyb\u0119 surengti alaus, vyno ar d\u017eino degustacijas.<\/p>\n<p>Puiki lokacija ir gera aura garantuota, praleiskite puik\u0173 laik\u0105 su brangiais \u017emon\u0117mis!<\/p>\n<p>Susisiekite:<\/p>\n<p>Tel. nr.: +37061793777<br \/>\nEl.pa\u0161tas: <a href=\"mailto:stadium@brusselsmussels.lt\">stadium@brusselsmussels.lt<\/a><\/div>\n<div class=\"one_half parallax_scroll_image last\" style=\"width:50%;\"><\/div>\n<p><br class=\"clear\"\/><\/div>\n<\/div>\n<\/div>\n<\/div>\n","protected":false},"excerpt":{"rendered":"<p>BrusselsBrussels Mussels Rinktin\u0117s g. atskira erdv\u0117 \u2013 j\u016bs\u0173 \u0161eimos draug\u0173 ar \u012fmon\u0117s priva\u010diai \u0161ventei Jauki atskira restorano zona, kurioje \u012frengtas privatus degustacinis baras, puikiai tiks asmenin\u0117ms \u0161vent\u0117ms, \u012fmon\u0117s vakar\u0117liams ar komandos formavimo renginiams bei degustacijoms. Brussels Mussels profesional\u0173 komanda prisid\u0117s, [&hellip;]<\/p>\n","protected":false},"author":1,"featured_media":7512,"parent":0,"menu_order":4,"comment_status":"closed","ping_status":"closed","template":"","meta":{"footnotes":""},"class_list":["post-7532","page","type-page","status-publish","has-post-thumbnail","hentry"],"yoast_head":"<!-- This site is optimized with the Yoast SEO plugin v27.1 - https:\/\/yoast.com\/product\/yoast-seo-wordpress\/ -->\n<title>Renginiams - Brussels Mussels<\/title>\n<meta name=\"robots\" content=\"index, follow, max-snippet:-1, max-image-preview:large, max-video-preview:-1\" \/>\n<link rel=\"canonical\" href=\"https:\/\/brusselsmussels.lt\/lt\/stadium-erdve\/\" \/>\n<meta property=\"og:locale\" content=\"lt_LT\" \/>\n<meta property=\"og:type\" content=\"article\" \/>\n<meta property=\"og:title\" content=\"Renginiams - Brussels Mussels\" \/>\n<meta property=\"og:description\" content=\"BrusselsBrussels Mussels Rinktin\u0117s g. atskira erdv\u0117 \u2013 j\u016bs\u0173 \u0161eimos draug\u0173 ar \u012fmon\u0117s priva\u010diai \u0161ventei Jauki atskira restorano zona, kurioje \u012frengtas privatus degustacinis baras, puikiai tiks asmenin\u0117ms \u0161vent\u0117ms, \u012fmon\u0117s vakar\u0117liams ar komandos formavimo renginiams bei degustacijoms. Brussels Mussels profesional\u0173 komanda prisid\u0117s, [&hellip;]\" \/>\n<meta property=\"og:url\" content=\"https:\/\/brusselsmussels.lt\/lt\/stadium-erdve\/\" \/>\n<meta property=\"og:site_name\" content=\"Brussels Mussels\" \/>\n<meta property=\"article:publisher\" content=\"https:\/\/www.facebook.com\/BrusselsMussels\" \/>\n<meta property=\"article:modified_time\" content=\"2023-07-23T12:03:33+00:00\" \/>\n<meta property=\"og:image\" content=\"https:\/\/brusselsmussels.lt\/wp-content\/uploads\/2022\/09\/413A8459.jpg\" \/>\n\t<meta property=\"og:image:width\" content=\"1333\" \/>\n\t<meta property=\"og:image:height\" content=\"2000\" \/>\n\t<meta property=\"og:image:type\" content=\"image\/jpeg\" \/>\n<meta name=\"twitter:card\" content=\"summary_large_image\" \/>\n<meta name=\"twitter:label1\" content=\"Est. reading time\" \/>\n\t<meta name=\"twitter:data1\" content=\"1 minut\u0117\" \/>\n<script type=\"application\/ld+json\" class=\"yoast-schema-graph\">{\"@context\":\"https:\/\/schema.org\",\"@graph\":[{\"@type\":\"WebPage\",\"@id\":\"https:\/\/brusselsmussels.lt\/lt\/stadium-erdve\/\",\"url\":\"https:\/\/brusselsmussels.lt\/lt\/stadium-erdve\/\",\"name\":\"Renginiams - Brussels Mussels\",\"isPartOf\":{\"@id\":\"https:\/\/brusselsmussels.lt\/lt\/#website\"},\"primaryImageOfPage\":{\"@id\":\"https:\/\/brusselsmussels.lt\/lt\/stadium-erdve\/#primaryimage\"},\"image\":{\"@id\":\"https:\/\/brusselsmussels.lt\/lt\/stadium-erdve\/#primaryimage\"},\"thumbnailUrl\":\"https:\/\/brusselsmussels.lt\/wp-content\/uploads\/2022\/09\/413A8459.jpg\",\"datePublished\":\"2022-09-20T16:35:47+00:00\",\"dateModified\":\"2023-07-23T12:03:33+00:00\",\"breadcrumb\":{\"@id\":\"https:\/\/brusselsmussels.lt\/lt\/stadium-erdve\/#breadcrumb\"},\"inLanguage\":\"lt-LT\",\"potentialAction\":[{\"@type\":\"ReadAction\",\"target\":[\"https:\/\/brusselsmussels.lt\/lt\/stadium-erdve\/\"]}]},{\"@type\":\"ImageObject\",\"inLanguage\":\"lt-LT\",\"@id\":\"https:\/\/brusselsmussels.lt\/lt\/stadium-erdve\/#primaryimage\",\"url\":\"https:\/\/brusselsmussels.lt\/wp-content\/uploads\/2022\/09\/413A8459.jpg\",\"contentUrl\":\"https:\/\/brusselsmussels.lt\/wp-content\/uploads\/2022\/09\/413A8459.jpg\",\"width\":1333,\"height\":2000},{\"@type\":\"BreadcrumbList\",\"@id\":\"https:\/\/brusselsmussels.lt\/lt\/stadium-erdve\/#breadcrumb\",\"itemListElement\":[{\"@type\":\"ListItem\",\"position\":1,\"name\":\"Home\",\"item\":\"https:\/\/brusselsmussels.lt\/lt\/\"},{\"@type\":\"ListItem\",\"position\":2,\"name\":\"Stadium Stadium erdv\u0117\"}]},{\"@type\":\"WebSite\",\"@id\":\"https:\/\/brusselsmussels.lt\/lt\/#website\",\"url\":\"https:\/\/brusselsmussels.lt\/lt\/\",\"name\":\"Brussels Mussels\",\"description\":\"Belgian Pub\",\"publisher\":{\"@id\":\"https:\/\/brusselsmussels.lt\/lt\/#organization\"},\"potentialAction\":[{\"@type\":\"SearchAction\",\"target\":{\"@type\":\"EntryPoint\",\"urlTemplate\":\"https:\/\/brusselsmussels.lt\/lt\/?s={search_term_string}\"},\"query-input\":{\"@type\":\"PropertyValueSpecification\",\"valueRequired\":true,\"valueName\":\"search_term_string\"}}],\"inLanguage\":\"lt-LT\"},{\"@type\":\"Organization\",\"@id\":\"https:\/\/brusselsmussels.lt\/lt\/#organization\",\"name\":\"Brussels Mussels - Belgian Pub\",\"url\":\"https:\/\/brusselsmussels.lt\/lt\/\",\"logo\":{\"@type\":\"ImageObject\",\"inLanguage\":\"lt-LT\",\"@id\":\"https:\/\/brusselsmussels.lt\/lt\/#\/schema\/logo\/image\/\",\"url\":\"https:\/\/brusselsmussels.lt\/wp-content\/uploads\/2020\/08\/logo.gif\",\"contentUrl\":\"https:\/\/brusselsmussels.lt\/wp-content\/uploads\/2020\/08\/logo.gif\",\"width\":250,\"height\":250,\"caption\":\"Brussels Mussels - Belgian Pub\"},\"image\":{\"@id\":\"https:\/\/brusselsmussels.lt\/lt\/#\/schema\/logo\/image\/\"},\"sameAs\":[\"https:\/\/www.facebook.com\/BrusselsMussels\",\"https:\/\/www.instagram.com\/brusselsmusselspub\/\"]}]}<\/script>\n<!-- \/ Yoast SEO plugin. -->","yoast_head_json":{"title":"Renginiams - Brussels Mussels","robots":{"index":"index","follow":"follow","max-snippet":"max-snippet:-1","max-image-preview":"max-image-preview:large","max-video-preview":"max-video-preview:-1"},"canonical":"https:\/\/brusselsmussels.lt\/lt\/stadium-erdve\/","og_locale":"lt_LT","og_type":"article","og_title":"Renginiams - Brussels Mussels","og_description":"BrusselsBrussels Mussels Rinktin\u0117s g. atskira erdv\u0117 \u2013 j\u016bs\u0173 \u0161eimos draug\u0173 ar \u012fmon\u0117s priva\u010diai \u0161ventei Jauki atskira restorano zona, kurioje \u012frengtas privatus degustacinis baras, puikiai tiks asmenin\u0117ms \u0161vent\u0117ms, \u012fmon\u0117s vakar\u0117liams ar komandos formavimo renginiams bei degustacijoms. Brussels Mussels profesional\u0173 komanda prisid\u0117s, [&hellip;]","og_url":"https:\/\/brusselsmussels.lt\/lt\/stadium-erdve\/","og_site_name":"Brussels Mussels","article_publisher":"https:\/\/www.facebook.com\/BrusselsMussels","article_modified_time":"2023-07-23T12:03:33+00:00","og_image":[{"width":1333,"height":2000,"url":"https:\/\/brusselsmussels.lt\/wp-content\/uploads\/2022\/09\/413A8459.jpg","type":"image\/jpeg"}],"twitter_card":"summary_large_image","twitter_misc":{"Est. reading time":"1 minut\u0117"},"schema":{"@context":"https:\/\/schema.org","@graph":[{"@type":"WebPage","@id":"https:\/\/brusselsmussels.lt\/lt\/stadium-erdve\/","url":"https:\/\/brusselsmussels.lt\/lt\/stadium-erdve\/","name":"Renginiams - Brussels Mussels","isPartOf":{"@id":"https:\/\/brusselsmussels.lt\/lt\/#website"},"primaryImageOfPage":{"@id":"https:\/\/brusselsmussels.lt\/lt\/stadium-erdve\/#primaryimage"},"image":{"@id":"https:\/\/brusselsmussels.lt\/lt\/stadium-erdve\/#primaryimage"},"thumbnailUrl":"https:\/\/brusselsmussels.lt\/wp-content\/uploads\/2022\/09\/413A8459.jpg","datePublished":"2022-09-20T16:35:47+00:00","dateModified":"2023-07-23T12:03:33+00:00","breadcrumb":{"@id":"https:\/\/brusselsmussels.lt\/lt\/stadium-erdve\/#breadcrumb"},"inLanguage":"lt-LT","potentialAction":[{"@type":"ReadAction","target":["https:\/\/brusselsmussels.lt\/lt\/stadium-erdve\/"]}]},{"@type":"ImageObject","inLanguage":"lt-LT","@id":"https:\/\/brusselsmussels.lt\/lt\/stadium-erdve\/#primaryimage","url":"https:\/\/brusselsmussels.lt\/wp-content\/uploads\/2022\/09\/413A8459.jpg","contentUrl":"https:\/\/brusselsmussels.lt\/wp-content\/uploads\/2022\/09\/413A8459.jpg","width":1333,"height":2000},{"@type":"BreadcrumbList","@id":"https:\/\/brusselsmussels.lt\/lt\/stadium-erdve\/#breadcrumb","itemListElement":[{"@type":"ListItem","position":1,"name":"Home","item":"https:\/\/brusselsmussels.lt\/lt\/"},{"@type":"ListItem","position":2,"name":"Stadium Stadium erdv\u0117"}]},{"@type":"WebSite","@id":"https:\/\/brusselsmussels.lt\/lt\/#website","url":"https:\/\/brusselsmussels.lt\/lt\/","name":"Brussels Mussels","description":"Belgian Pub","publisher":{"@id":"https:\/\/brusselsmussels.lt\/lt\/#organization"},"potentialAction":[{"@type":"SearchAction","target":{"@type":"EntryPoint","urlTemplate":"https:\/\/brusselsmussels.lt\/lt\/?s={search_term_string}"},"query-input":{"@type":"PropertyValueSpecification","valueRequired":true,"valueName":"search_term_string"}}],"inLanguage":"lt-LT"},{"@type":"Organization","@id":"https:\/\/brusselsmussels.lt\/lt\/#organization","name":"Brussels Mussels - Belgian Pub","url":"https:\/\/brusselsmussels.lt\/lt\/","logo":{"@type":"ImageObject","inLanguage":"lt-LT","@id":"https:\/\/brusselsmussels.lt\/lt\/#\/schema\/logo\/image\/","url":"https:\/\/brusselsmussels.lt\/wp-content\/uploads\/2020\/08\/logo.gif","contentUrl":"https:\/\/brusselsmussels.lt\/wp-content\/uploads\/2020\/08\/logo.gif","width":250,"height":250,"caption":"Brussels Mussels - Belgian Pub"},"image":{"@id":"https:\/\/brusselsmussels.lt\/lt\/#\/schema\/logo\/image\/"},"sameAs":["https:\/\/www.facebook.com\/BrusselsMussels","https:\/\/www.instagram.com\/brusselsmusselspub\/"]}]}},"_links":{"self":[{"href":"https:\/\/brusselsmussels.lt\/lt\/wp-json\/wp\/v2\/pages\/7532","targetHints":{"allow":["GET"]}}],"collection":[{"href":"https:\/\/brusselsmussels.lt\/lt\/wp-json\/wp\/v2\/pages"}],"about":[{"href":"https:\/\/brusselsmussels.lt\/lt\/wp-json\/wp\/v2\/types\/page"}],"author":[{"embeddable":true,"href":"https:\/\/brusselsmussels.lt\/lt\/wp-json\/wp\/v2\/users\/1"}],"replies":[{"embeddable":true,"href":"https:\/\/brusselsmussels.lt\/lt\/wp-json\/wp\/v2\/comments?post=7532"}],"version-history":[{"count":19,"href":"https:\/\/brusselsmussels.lt\/lt\/wp-json\/wp\/v2\/pages\/7532\/revisions"}],"predecessor-version":[{"id":7752,"href":"https:\/\/brusselsmussels.lt\/lt\/wp-json\/wp\/v2\/pages\/7532\/revisions\/7752"}],"wp:featuredmedia":[{"embeddable":true,"href":"https:\/\/brusselsmussels.lt\/lt\/wp-json\/wp\/v2\/media\/7512"}],"wp:attachment":[{"href":"https:\/\/brusselsmussels.lt\/lt\/wp-json\/wp\/v2\/media?parent=7532"}],"curies":[{"name":"wp","href":"https:\/\/api.w.org\/{rel}","templated":true}]}}