{"id":5547,"date":"2020-10-05T16:45:47","date_gmt":"2020-10-05T13:45:47","guid":{"rendered":"https:\/\/brusselsmussels.lt\/?page_id=5547"},"modified":"2025-01-11T12:18:34","modified_gmt":"2025-01-11T10:18:34","slug":"7-gento-fragmentai","status":"publish","type":"page","link":"https:\/\/brusselsmussels.lt\/lt\/7-gento-fragmentai\/","title":{"rendered":"7 7 Gento fragmentai"},"content":{"rendered":"<div  class=\"one ppb_card_two_cols_with_image\" style=\"position:relative;padding:40px 0 40px 0;\" >\n<div class=\"standard_wrapper\">\n<div class=\"page_content_wrapper\">\n<div class=\"inner\">\n<div class=\"one_half parallax_scroll_image\" style=\"width:45%;\">\n<div class=\"image_classic_frame expand\">\n<div class=\"image_wrapper\"><a href=\"https:\/\/brusselsmussels.lt\/wp-content\/uploads\/2020\/09\/P9040748-1.jpg\" class=\"img_frame\"><img decoding=\"async\" src=\"https:\/\/brusselsmussels.lt\/wp-content\/uploads\/2020\/09\/P9040748-1.jpg\" class=\"portfolio_img\" alt=\"Brussels Mussels\"\/><\/a><\/div>\n<\/div>\n<\/div>\n<div class=\"one_half last parallax_scroll\" style=\"width:40%;position:absolute;right:90px;padding:40px;background:#ffffff;\" data-stellar-ratio=\"1.3\">\n<h2 class=\"ppb_title\" ><span class=\"ppb_title_first\" >&quot;<\/span>&quot;7 Gento fragmentai&quot; (2020), Jolita Vaitkut\u0117<\/h2>\n<div class=\"ppb_subtitle\" >\u201eTeis\u0117jai i\u0161 Gento altoriaus\u201c (1425-1432) Jano ir Huberto Van Eyck\u0173 interpretacija<\/div>\n<div class=\"page_header_sep left\" ><\/div>\n<p>Originalus \u0161i\u0173 fragment\u0173 paveikslas yra vienas i\u0161 de\u0161imties pasaulyje labiausiai ie\u0161kom\u0173 dingusi\u0173 ar pavogt\u0173 paveiksl\u0173. I\u0161 dvylikos dali\u0173 sudarytas originalas 1934 metais dingo i\u0161 Belgijos Saint Bravo katedros. Tuomet u\u017e paveiksl\u0105 buvo pareikalauta milijono Belgijos frank\u0173 i\u0161pirka, \u0161iuolaikiniais pinigais \u2013 apie 26 t\u016bkstan\u010diai eur\u0173. Prie paveikslo buvo palikta \u017einut\u0117: \u201ePaimta i\u0161 Vokietijos pagal Versalio Taikos sutart\u012f\u201c.<br \/>\nSpecialiai belgi\u0161ko tipo restoranui ir barui \u201eBrussels Mussels\u201c paveikslo fragmento interpretacij\u0105 suk\u016br\u0117 \u017einoma meninink\u0117 Jolita Vaitkut\u0117. Autor\u0117 gars\u0117ja instaliacijomis ir pie\u0161iniais i\u0161 maisto ar kasdieni\u0173 objekt\u0173. K\u016brin\u012f sudaro 7 dalys, kolia\u017eas sud\u0117tas i\u0161 alaus etike\u010di\u0173. Paveikslo gamyba u\u017etruko 32 dienas, kolia\u017eui sukurti buvo panaudota daugiau nei 4500 etike\u010di\u0173.<\/div>\n<p><br class=\"clear\"\/><\/div>\n<\/div>\n<\/div>\n<\/div>\n<div  class=\"one\">\n<div id=\"1736590714371421566\" class=\"photo_wall_wrapper shortcode withmargin\">\n<div class=\"wall_entry withmargin\">\n<div class=\"wall_thumbnail\"><a class=\"fancy-gallery\" href=\"https:\/\/brusselsmussels.lt\/wp-content\/uploads\/2020\/10\/A010038.jpg\" title=\"Brussels Mussels\" ><img decoding=\"async\" src=\"https:\/\/brusselsmussels.lt\/wp-content\/uploads\/2020\/10\/A010038-400x400.jpg\" alt=\"Brussels Mussels\"\/><\/a><\/div>\n<\/div>\n<div class=\"wall_entry withmargin\">\n<div class=\"wall_thumbnail\"><a class=\"fancy-gallery\" href=\"https:\/\/brusselsmussels.lt\/wp-content\/uploads\/2020\/09\/P9040748-1.jpg\" title=\"Brussels Mussels\" ><img decoding=\"async\" src=\"https:\/\/brusselsmussels.lt\/wp-content\/uploads\/2020\/09\/P9040748-1-400x400.jpg\" alt=\"Brussels Mussels\"\/><\/a><\/div>\n<\/div>\n<div class=\"wall_entry withmargin\">\n<div class=\"wall_thumbnail\"><a class=\"fancy-gallery\" href=\"https:\/\/brusselsmussels.lt\/wp-content\/uploads\/2020\/10\/A010013.jpg\" title=\"Brussels Mussels\" ><img decoding=\"async\" src=\"https:\/\/brusselsmussels.lt\/wp-content\/uploads\/2020\/10\/A010013-400x400.jpg\" alt=\"Brussels Mussels\"\/><\/a><\/div>\n<\/div>\n<div class=\"wall_entry withmargin\">\n<div class=\"wall_thumbnail\"><a class=\"fancy-gallery\" href=\"https:\/\/brusselsmussels.lt\/wp-content\/uploads\/2020\/10\/A010034.jpg\" title=\"Brussels Mussels\" ><img decoding=\"async\" src=\"https:\/\/brusselsmussels.lt\/wp-content\/uploads\/2020\/10\/A010034-400x400.jpg\" alt=\"Brussels Mussels\"\/><\/a><\/div>\n<\/div>\n<\/div>\n<\/div>\n","protected":false},"excerpt":{"rendered":"<p>&quot;&quot;7 Gento fragmentai&quot; (2020), Jolita Vaitkut\u0117 \u201eTeis\u0117jai i\u0161 Gento altoriaus\u201c (1425-1432) Jano ir Huberto Van Eyck\u0173 interpretacija Originalus \u0161i\u0173 fragment\u0173 paveikslas yra vienas i\u0161 de\u0161imties pasaulyje labiausiai ie\u0161kom\u0173 dingusi\u0173 ar pavogt\u0173 paveiksl\u0173. I\u0161 dvylikos dali\u0173 sudarytas originalas 1934 metais dingo [&hellip;]<\/p>\n","protected":false},"author":1,"featured_media":5519,"parent":0,"menu_order":4,"comment_status":"closed","ping_status":"closed","template":"","meta":{"footnotes":""},"class_list":["post-5547","page","type-page","status-publish","has-post-thumbnail","hentry"],"yoast_head":"<!-- This site is optimized with the Yoast SEO plugin v27.1 - https:\/\/yoast.com\/product\/yoast-seo-wordpress\/ -->\n<title>7 Gento fragmentai - Brussels Mussels<\/title>\n<meta name=\"description\" content=\"Originalus \u0161i\u0173 fragment\u0173 paveikslas yra vienas i\u0161 de\u0161imties pasaulyje labiausiai ie\u0161kom\u0173 dingusi\u0173 ar pavogt\u0173 paveiksl\u0173. I\u0161 dvylikos dali\u0173 sudarytas originalas 1934 metais dingo i\u0161 Belgijos Saint Bravo katedros. Tuomet u\u017e paveiksl\u0105 buvo pareikalauta milijono Belgijos frank\u0173 i\u0161pirka, \u0161iuolaikiniais pinigais \u2013 apie 26 t\u016bkstan\u010diai eur\u0173. Prie paveikslo buvo palikta \u017einut\u0117: \u201ePaimta i\u0161 Vokietijos pagal Versalio Taikos sutart\u012f\u201c.Specialiai belgi\u0161ko tipo restoranui ir barui \u201eBrussels Mussels\u201c paveikslo fragmento interpretacij\u0105 suk\u016br\u0117 \u017einoma meninink\u0117 Jolita Vaitkut\u0117. Autor\u0117 gars\u0117ja instaliacijomis ir pie\u0161iniais i\u0161 maisto ar kasdieni\u0173 objekt\u0173. K\u016brin\u012f sudaro 7 dalys, kolia\u017eas sud\u0117tas i\u0161 alaus etike\u010di\u0173. Paveikslo gamyba u\u017etruko 32 dienas, kolia\u017eui sukurti buvo panaudota daugiau nei 4500 etike\u010di\u0173.\" \/>\n<meta name=\"robots\" content=\"index, follow, max-snippet:-1, max-image-preview:large, max-video-preview:-1\" \/>\n<link rel=\"canonical\" href=\"https:\/\/brusselsmussels.lt\/lt\/7-gento-fragmentai\/\" \/>\n<meta property=\"og:locale\" content=\"lt_LT\" \/>\n<meta property=\"og:type\" content=\"article\" \/>\n<meta property=\"og:title\" content=\"7 Gento fragmentai - Brussels Mussels\" \/>\n<meta property=\"og:description\" content=\"Originalus \u0161i\u0173 fragment\u0173 paveikslas yra vienas i\u0161 de\u0161imties pasaulyje labiausiai ie\u0161kom\u0173 dingusi\u0173 ar pavogt\u0173 paveiksl\u0173. I\u0161 dvylikos dali\u0173 sudarytas originalas 1934 metais dingo i\u0161 Belgijos Saint Bravo katedros. Tuomet u\u017e paveiksl\u0105 buvo pareikalauta milijono Belgijos frank\u0173 i\u0161pirka, \u0161iuolaikiniais pinigais \u2013 apie 26 t\u016bkstan\u010diai eur\u0173. Prie paveikslo buvo palikta \u017einut\u0117: \u201ePaimta i\u0161 Vokietijos pagal Versalio Taikos sutart\u012f\u201c.Specialiai belgi\u0161ko tipo restoranui ir barui \u201eBrussels Mussels\u201c paveikslo fragmento interpretacij\u0105 suk\u016br\u0117 \u017einoma meninink\u0117 Jolita Vaitkut\u0117. Autor\u0117 gars\u0117ja instaliacijomis ir pie\u0161iniais i\u0161 maisto ar kasdieni\u0173 objekt\u0173. K\u016brin\u012f sudaro 7 dalys, kolia\u017eas sud\u0117tas i\u0161 alaus etike\u010di\u0173. Paveikslo gamyba u\u017etruko 32 dienas, kolia\u017eui sukurti buvo panaudota daugiau nei 4500 etike\u010di\u0173.\" \/>\n<meta property=\"og:url\" content=\"https:\/\/brusselsmussels.lt\/lt\/7-gento-fragmentai\/\" \/>\n<meta property=\"og:site_name\" content=\"Brussels Mussels\" \/>\n<meta property=\"article:publisher\" content=\"https:\/\/www.facebook.com\/BrusselsMussels\" \/>\n<meta property=\"article:modified_time\" content=\"2025-01-11T10:18:34+00:00\" \/>\n<meta property=\"og:image\" content=\"https:\/\/brusselsmussels.lt\/wp-content\/uploads\/2020\/10\/A010038.jpg\" \/>\n\t<meta property=\"og:image:width\" content=\"2000\" \/>\n\t<meta property=\"og:image:height\" content=\"1500\" \/>\n\t<meta property=\"og:image:type\" content=\"image\/jpeg\" \/>\n<meta name=\"twitter:card\" content=\"summary_large_image\" \/>\n<meta name=\"twitter:label1\" content=\"Est. reading time\" \/>\n\t<meta name=\"twitter:data1\" content=\"2 minut\u0117s\" \/>\n<script type=\"application\/ld+json\" class=\"yoast-schema-graph\">{\"@context\":\"https:\/\/schema.org\",\"@graph\":[{\"@type\":\"WebPage\",\"@id\":\"https:\/\/brusselsmussels.lt\/lt\/7-gento-fragmentai\/\",\"url\":\"https:\/\/brusselsmussels.lt\/lt\/7-gento-fragmentai\/\",\"name\":\"7 Gento fragmentai - Brussels Mussels\",\"isPartOf\":{\"@id\":\"https:\/\/brusselsmussels.lt\/lt\/#website\"},\"primaryImageOfPage\":{\"@id\":\"https:\/\/brusselsmussels.lt\/lt\/7-gento-fragmentai\/#primaryimage\"},\"image\":{\"@id\":\"https:\/\/brusselsmussels.lt\/lt\/7-gento-fragmentai\/#primaryimage\"},\"thumbnailUrl\":\"https:\/\/brusselsmussels.lt\/wp-content\/uploads\/2020\/10\/A010038.jpg\",\"datePublished\":\"2020-10-05T13:45:47+00:00\",\"dateModified\":\"2025-01-11T10:18:34+00:00\",\"description\":\"Originalus \u0161i\u0173 fragment\u0173 paveikslas yra vienas i\u0161 de\u0161imties pasaulyje labiausiai ie\u0161kom\u0173 dingusi\u0173 ar pavogt\u0173 paveiksl\u0173. I\u0161 dvylikos dali\u0173 sudarytas originalas 1934 metais dingo i\u0161 Belgijos Saint Bravo katedros. Tuomet u\u017e paveiksl\u0105 buvo pareikalauta milijono Belgijos frank\u0173 i\u0161pirka, \u0161iuolaikiniais pinigais \u2013 apie 26 t\u016bkstan\u010diai eur\u0173. Prie paveikslo buvo palikta \u017einut\u0117: \u201ePaimta i\u0161 Vokietijos pagal Versalio Taikos sutart\u012f\u201c.Specialiai belgi\u0161ko tipo restoranui ir barui \u201eBrussels Mussels\u201c paveikslo fragmento interpretacij\u0105 suk\u016br\u0117 \u017einoma meninink\u0117 Jolita Vaitkut\u0117. Autor\u0117 gars\u0117ja instaliacijomis ir pie\u0161iniais i\u0161 maisto ar kasdieni\u0173 objekt\u0173. K\u016brin\u012f sudaro 7 dalys, kolia\u017eas sud\u0117tas i\u0161 alaus etike\u010di\u0173. Paveikslo gamyba u\u017etruko 32 dienas, kolia\u017eui sukurti buvo panaudota daugiau nei 4500 etike\u010di\u0173.\",\"breadcrumb\":{\"@id\":\"https:\/\/brusselsmussels.lt\/lt\/7-gento-fragmentai\/#breadcrumb\"},\"inLanguage\":\"lt-LT\",\"potentialAction\":[{\"@type\":\"ReadAction\",\"target\":[\"https:\/\/brusselsmussels.lt\/lt\/7-gento-fragmentai\/\"]}]},{\"@type\":\"ImageObject\",\"inLanguage\":\"lt-LT\",\"@id\":\"https:\/\/brusselsmussels.lt\/lt\/7-gento-fragmentai\/#primaryimage\",\"url\":\"https:\/\/brusselsmussels.lt\/wp-content\/uploads\/2020\/10\/A010038.jpg\",\"contentUrl\":\"https:\/\/brusselsmussels.lt\/wp-content\/uploads\/2020\/10\/A010038.jpg\",\"width\":2000,\"height\":1500,\"caption\":\"Brussels Mussels\"},{\"@type\":\"BreadcrumbList\",\"@id\":\"https:\/\/brusselsmussels.lt\/lt\/7-gento-fragmentai\/#breadcrumb\",\"itemListElement\":[{\"@type\":\"ListItem\",\"position\":1,\"name\":\"Home\",\"item\":\"https:\/\/brusselsmussels.lt\/lt\/\"},{\"@type\":\"ListItem\",\"position\":2,\"name\":\"7 7 Gento fragmentai\"}]},{\"@type\":\"WebSite\",\"@id\":\"https:\/\/brusselsmussels.lt\/lt\/#website\",\"url\":\"https:\/\/brusselsmussels.lt\/lt\/\",\"name\":\"Brussels Mussels\",\"description\":\"Belgian Pub\",\"publisher\":{\"@id\":\"https:\/\/brusselsmussels.lt\/lt\/#organization\"},\"potentialAction\":[{\"@type\":\"SearchAction\",\"target\":{\"@type\":\"EntryPoint\",\"urlTemplate\":\"https:\/\/brusselsmussels.lt\/lt\/?s={search_term_string}\"},\"query-input\":{\"@type\":\"PropertyValueSpecification\",\"valueRequired\":true,\"valueName\":\"search_term_string\"}}],\"inLanguage\":\"lt-LT\"},{\"@type\":\"Organization\",\"@id\":\"https:\/\/brusselsmussels.lt\/lt\/#organization\",\"name\":\"Brussels Mussels - Belgian Pub\",\"url\":\"https:\/\/brusselsmussels.lt\/lt\/\",\"logo\":{\"@type\":\"ImageObject\",\"inLanguage\":\"lt-LT\",\"@id\":\"https:\/\/brusselsmussels.lt\/lt\/#\/schema\/logo\/image\/\",\"url\":\"https:\/\/brusselsmussels.lt\/wp-content\/uploads\/2020\/08\/logo.gif\",\"contentUrl\":\"https:\/\/brusselsmussels.lt\/wp-content\/uploads\/2020\/08\/logo.gif\",\"width\":250,\"height\":250,\"caption\":\"Brussels Mussels - Belgian Pub\"},\"image\":{\"@id\":\"https:\/\/brusselsmussels.lt\/lt\/#\/schema\/logo\/image\/\"},\"sameAs\":[\"https:\/\/www.facebook.com\/BrusselsMussels\",\"https:\/\/www.instagram.com\/brusselsmusselspub\/\"]}]}<\/script>\n<!-- \/ Yoast SEO plugin. -->","yoast_head_json":{"title":"7 Gento fragmentai - Brussels Mussels","description":"Originalus \u0161i\u0173 fragment\u0173 paveikslas yra vienas i\u0161 de\u0161imties pasaulyje labiausiai ie\u0161kom\u0173 dingusi\u0173 ar pavogt\u0173 paveiksl\u0173. I\u0161 dvylikos dali\u0173 sudarytas originalas 1934 metais dingo i\u0161 Belgijos Saint Bravo katedros. Tuomet u\u017e paveiksl\u0105 buvo pareikalauta milijono Belgijos frank\u0173 i\u0161pirka, \u0161iuolaikiniais pinigais \u2013 apie 26 t\u016bkstan\u010diai eur\u0173. Prie paveikslo buvo palikta \u017einut\u0117: \u201ePaimta i\u0161 Vokietijos pagal Versalio Taikos sutart\u012f\u201c.Specialiai belgi\u0161ko tipo restoranui ir barui \u201eBrussels Mussels\u201c paveikslo fragmento interpretacij\u0105 suk\u016br\u0117 \u017einoma meninink\u0117 Jolita Vaitkut\u0117. Autor\u0117 gars\u0117ja instaliacijomis ir pie\u0161iniais i\u0161 maisto ar kasdieni\u0173 objekt\u0173. K\u016brin\u012f sudaro 7 dalys, kolia\u017eas sud\u0117tas i\u0161 alaus etike\u010di\u0173. Paveikslo gamyba u\u017etruko 32 dienas, kolia\u017eui sukurti buvo panaudota daugiau nei 4500 etike\u010di\u0173.","robots":{"index":"index","follow":"follow","max-snippet":"max-snippet:-1","max-image-preview":"max-image-preview:large","max-video-preview":"max-video-preview:-1"},"canonical":"https:\/\/brusselsmussels.lt\/lt\/7-gento-fragmentai\/","og_locale":"lt_LT","og_type":"article","og_title":"7 Gento fragmentai - Brussels Mussels","og_description":"Originalus \u0161i\u0173 fragment\u0173 paveikslas yra vienas i\u0161 de\u0161imties pasaulyje labiausiai ie\u0161kom\u0173 dingusi\u0173 ar pavogt\u0173 paveiksl\u0173. I\u0161 dvylikos dali\u0173 sudarytas originalas 1934 metais dingo i\u0161 Belgijos Saint Bravo katedros. Tuomet u\u017e paveiksl\u0105 buvo pareikalauta milijono Belgijos frank\u0173 i\u0161pirka, \u0161iuolaikiniais pinigais \u2013 apie 26 t\u016bkstan\u010diai eur\u0173. Prie paveikslo buvo palikta \u017einut\u0117: \u201ePaimta i\u0161 Vokietijos pagal Versalio Taikos sutart\u012f\u201c.Specialiai belgi\u0161ko tipo restoranui ir barui \u201eBrussels Mussels\u201c paveikslo fragmento interpretacij\u0105 suk\u016br\u0117 \u017einoma meninink\u0117 Jolita Vaitkut\u0117. Autor\u0117 gars\u0117ja instaliacijomis ir pie\u0161iniais i\u0161 maisto ar kasdieni\u0173 objekt\u0173. K\u016brin\u012f sudaro 7 dalys, kolia\u017eas sud\u0117tas i\u0161 alaus etike\u010di\u0173. Paveikslo gamyba u\u017etruko 32 dienas, kolia\u017eui sukurti buvo panaudota daugiau nei 4500 etike\u010di\u0173.","og_url":"https:\/\/brusselsmussels.lt\/lt\/7-gento-fragmentai\/","og_site_name":"Brussels Mussels","article_publisher":"https:\/\/www.facebook.com\/BrusselsMussels","article_modified_time":"2025-01-11T10:18:34+00:00","og_image":[{"width":2000,"height":1500,"url":"https:\/\/brusselsmussels.lt\/wp-content\/uploads\/2020\/10\/A010038.jpg","type":"image\/jpeg"}],"twitter_card":"summary_large_image","twitter_misc":{"Est. reading time":"2 minut\u0117s"},"schema":{"@context":"https:\/\/schema.org","@graph":[{"@type":"WebPage","@id":"https:\/\/brusselsmussels.lt\/lt\/7-gento-fragmentai\/","url":"https:\/\/brusselsmussels.lt\/lt\/7-gento-fragmentai\/","name":"7 Gento fragmentai - Brussels Mussels","isPartOf":{"@id":"https:\/\/brusselsmussels.lt\/lt\/#website"},"primaryImageOfPage":{"@id":"https:\/\/brusselsmussels.lt\/lt\/7-gento-fragmentai\/#primaryimage"},"image":{"@id":"https:\/\/brusselsmussels.lt\/lt\/7-gento-fragmentai\/#primaryimage"},"thumbnailUrl":"https:\/\/brusselsmussels.lt\/wp-content\/uploads\/2020\/10\/A010038.jpg","datePublished":"2020-10-05T13:45:47+00:00","dateModified":"2025-01-11T10:18:34+00:00","description":"Originalus \u0161i\u0173 fragment\u0173 paveikslas yra vienas i\u0161 de\u0161imties pasaulyje labiausiai ie\u0161kom\u0173 dingusi\u0173 ar pavogt\u0173 paveiksl\u0173. I\u0161 dvylikos dali\u0173 sudarytas originalas 1934 metais dingo i\u0161 Belgijos Saint Bravo katedros. Tuomet u\u017e paveiksl\u0105 buvo pareikalauta milijono Belgijos frank\u0173 i\u0161pirka, \u0161iuolaikiniais pinigais \u2013 apie 26 t\u016bkstan\u010diai eur\u0173. Prie paveikslo buvo palikta \u017einut\u0117: \u201ePaimta i\u0161 Vokietijos pagal Versalio Taikos sutart\u012f\u201c.Specialiai belgi\u0161ko tipo restoranui ir barui \u201eBrussels Mussels\u201c paveikslo fragmento interpretacij\u0105 suk\u016br\u0117 \u017einoma meninink\u0117 Jolita Vaitkut\u0117. Autor\u0117 gars\u0117ja instaliacijomis ir pie\u0161iniais i\u0161 maisto ar kasdieni\u0173 objekt\u0173. K\u016brin\u012f sudaro 7 dalys, kolia\u017eas sud\u0117tas i\u0161 alaus etike\u010di\u0173. Paveikslo gamyba u\u017etruko 32 dienas, kolia\u017eui sukurti buvo panaudota daugiau nei 4500 etike\u010di\u0173.","breadcrumb":{"@id":"https:\/\/brusselsmussels.lt\/lt\/7-gento-fragmentai\/#breadcrumb"},"inLanguage":"lt-LT","potentialAction":[{"@type":"ReadAction","target":["https:\/\/brusselsmussels.lt\/lt\/7-gento-fragmentai\/"]}]},{"@type":"ImageObject","inLanguage":"lt-LT","@id":"https:\/\/brusselsmussels.lt\/lt\/7-gento-fragmentai\/#primaryimage","url":"https:\/\/brusselsmussels.lt\/wp-content\/uploads\/2020\/10\/A010038.jpg","contentUrl":"https:\/\/brusselsmussels.lt\/wp-content\/uploads\/2020\/10\/A010038.jpg","width":2000,"height":1500,"caption":"Brussels Mussels"},{"@type":"BreadcrumbList","@id":"https:\/\/brusselsmussels.lt\/lt\/7-gento-fragmentai\/#breadcrumb","itemListElement":[{"@type":"ListItem","position":1,"name":"Home","item":"https:\/\/brusselsmussels.lt\/lt\/"},{"@type":"ListItem","position":2,"name":"7 7 Gento fragmentai"}]},{"@type":"WebSite","@id":"https:\/\/brusselsmussels.lt\/lt\/#website","url":"https:\/\/brusselsmussels.lt\/lt\/","name":"Brussels Mussels","description":"Belgian Pub","publisher":{"@id":"https:\/\/brusselsmussels.lt\/lt\/#organization"},"potentialAction":[{"@type":"SearchAction","target":{"@type":"EntryPoint","urlTemplate":"https:\/\/brusselsmussels.lt\/lt\/?s={search_term_string}"},"query-input":{"@type":"PropertyValueSpecification","valueRequired":true,"valueName":"search_term_string"}}],"inLanguage":"lt-LT"},{"@type":"Organization","@id":"https:\/\/brusselsmussels.lt\/lt\/#organization","name":"Brussels Mussels - Belgian Pub","url":"https:\/\/brusselsmussels.lt\/lt\/","logo":{"@type":"ImageObject","inLanguage":"lt-LT","@id":"https:\/\/brusselsmussels.lt\/lt\/#\/schema\/logo\/image\/","url":"https:\/\/brusselsmussels.lt\/wp-content\/uploads\/2020\/08\/logo.gif","contentUrl":"https:\/\/brusselsmussels.lt\/wp-content\/uploads\/2020\/08\/logo.gif","width":250,"height":250,"caption":"Brussels Mussels - Belgian Pub"},"image":{"@id":"https:\/\/brusselsmussels.lt\/lt\/#\/schema\/logo\/image\/"},"sameAs":["https:\/\/www.facebook.com\/BrusselsMussels","https:\/\/www.instagram.com\/brusselsmusselspub\/"]}]}},"_links":{"self":[{"href":"https:\/\/brusselsmussels.lt\/lt\/wp-json\/wp\/v2\/pages\/5547","targetHints":{"allow":["GET"]}}],"collection":[{"href":"https:\/\/brusselsmussels.lt\/lt\/wp-json\/wp\/v2\/pages"}],"about":[{"href":"https:\/\/brusselsmussels.lt\/lt\/wp-json\/wp\/v2\/types\/page"}],"author":[{"embeddable":true,"href":"https:\/\/brusselsmussels.lt\/lt\/wp-json\/wp\/v2\/users\/1"}],"replies":[{"embeddable":true,"href":"https:\/\/brusselsmussels.lt\/lt\/wp-json\/wp\/v2\/comments?post=5547"}],"version-history":[{"count":50,"href":"https:\/\/brusselsmussels.lt\/lt\/wp-json\/wp\/v2\/pages\/5547\/revisions"}],"predecessor-version":[{"id":8120,"href":"https:\/\/brusselsmussels.lt\/lt\/wp-json\/wp\/v2\/pages\/5547\/revisions\/8120"}],"wp:featuredmedia":[{"embeddable":true,"href":"https:\/\/brusselsmussels.lt\/lt\/wp-json\/wp\/v2\/media\/5519"}],"wp:attachment":[{"href":"https:\/\/brusselsmussels.lt\/lt\/wp-json\/wp\/v2\/media?parent=5547"}],"curies":[{"name":"wp","href":"https:\/\/api.w.org\/{rel}","templated":true}]}}