{"id":3448,"date":"2015-06-04T12:50:58","date_gmt":"2015-06-04T12:50:58","guid":{"rendered":"http:\/\/themes.themegoods.com\/grandrestaurant\/demo1\/?page_id=3448"},"modified":"2023-07-24T19:45:50","modified_gmt":"2023-07-24T16:45:50","slug":"kontaktai","status":"publish","type":"page","link":"https:\/\/brusselsmussels.lt\/lt\/kontaktai\/","title":{"rendered":"Kontaktai Kontaktai"},"content":{"rendered":"<div  class=\"one\" style=\"position:relative;padding:0px 0 0px 0;\" >\n<div class=\"standard_wrapper\">\n<div>\n<div class=\"inner\">\n<div class=\"parallax_scroll\" style=\"width:50%;position:absolute;left:90px;background:#fff;padding:0px;z-index:2;block !important;\" data-stellar-ratio=\"1.3\">\n<div style=\"font-size: 30px; text-transform: uppercase; letter-spacing: -1px; font-weight: 300; text-align: center;\"><span style=\"color: #ffffff;\">Stadium Restorano Kontaktai<\/span><\/div>\n<div style=\"text-align: center;\">\n<p style=\"color: #999999;\"><span style=\"color: #ffffff;\"><strong>ADRESAS: <\/strong>Rinktin\u0117s g. 5 LT-09234, Vilnius<\/span><\/p>\n<p style=\"color: #999999;\"><span style=\"color: #ffffff;\"><a style=\"font-weight: inherit; font-style: inherit; color: #ffffff;\" href=\"tel:+37061793777\"><strong>TEL. NR.:<\/strong> +370 617 93777<br \/>\n<\/a><\/span><\/p>\n<p style=\"color: #999999;\"><span style=\"color: #ffffff;\"><a style=\"font-weight: inherit; font-style: inherit; color: #ffffff;\" href=\"mailto:stadium@brusselsmussels.lt\"><strong>EL. PA\u0160TAS:<\/strong> stadium@brusselsmussels.lt<\/a><\/span><\/p>\n<\/div>\n<p style=\"text-align: center;\"><strong><span style=\"color: #ffffff;\">DARBO LAIKAS:<\/span><\/strong><\/p>\n<table class=\"opening_hours_table aligncenter\">\n<tbody>\n<tr>\n<th><\/th>\n<th><\/th>\n<th><\/th>\n<\/tr>\n<tr>\n<th>Pirmadienis<\/th>\n<td><\/td>\n<td>11:00-23:00<\/td>\n<\/tr>\n<tr>\n<th>Antradienis<\/th>\n<td><\/td>\n<td>11:00-23:00<\/td>\n<\/tr>\n<tr>\n<th>Tre\u010diadienis<\/th>\n<td><\/td>\n<td>11:00-23:00<\/td>\n<\/tr>\n<tr>\n<th>Ketvirtadienis<\/th>\n<td><\/td>\n<td>11:00-24:00<\/td>\n<\/tr>\n<tr>\n<th>Penktadienis<\/th>\n<td><\/td>\n<td>11:00-24:00<\/td>\n<\/tr>\n<tr>\n<th>\u0160e\u0161tadienis<\/th>\n<td><\/td>\n<td>11:00-24:00<\/td>\n<\/tr>\n<tr>\n<th>Sekmadienis<\/th>\n<td><\/td>\n<td>11:00-22:00<\/td>\n<\/tr>\n<\/tbody>\n<\/table>\n<p style=\"text-align: center;\"><span style=\"color: #ffffff;\">Savaitgaliais nuo 11:00 iki 13:00 brunch, nuo 13:00 valandos a la carte meniu.<\/span><\/p>\n<\/div>\n<div class=\"parallax_scroll_image last\" id=\"map1690217150783855037\" style=\"width:50%;height:500px;float:right;\">\n<div class=\"map-marker\" ><\/div>\n<\/div>\n<p><br class=\"clear\"\/><\/div>\n<\/div>\n<\/div>\n<\/div>\n<div  class=\"one\" style=\"position:relative;padding:0px 0 0px 0;\" >\n<div class=\"standard_wrapper\">\n<div>\n<div class=\"inner\">\n<div class=\"parallax_scroll\" style=\"width:50%;position:absolute;left:90px;background:#fff;padding:0px;z-index:2;block !important;\" data-stellar-ratio=\"1.3\">\n<div style=\"font-size: 30px; text-transform: uppercase; letter-spacing: -1px; font-weight: 300; text-align: center;\"><span style=\"color: #ffffff;\">Centrum Restorano Kontaktai<\/span><\/div>\n<div style=\"text-align: center;\">\n<p style=\"color: #999999;\"><span style=\"color: #ffffff;\"><strong>ADRESAS:<\/strong> Vilniaus g. 17 LT-01402, Vilnius<\/span><\/p>\n<p style=\"color: #999999;\"><span style=\"color: #ffffff;\"><a style=\"font-weight: inherit; font-style: inherit; color: #ffffff;\" href=\"tel:+37061793777\"><strong>TEL. NR.:<\/strong> +370 617 93777<br \/>\n<\/a><\/span><\/p>\n<p style=\"color: #999999;\"><span style=\"color: #ffffff;\"><a style=\"color: #ffffff;\" href=\"mailto:centrum@brusselsmussels.lt\"><strong>EL. PA\u0160TAS:<\/strong> centrum@brusselsmussels.lt<\/a><\/span><\/p>\n<\/div>\n<p style=\"text-align: center;\"><strong><span style=\"color: #ffffff;\">DARBO LAIKAS:<\/span><\/strong><\/p>\n<table class=\"opening_hours_table aligncenter\">\n<tbody>\n<tr>\n<th><\/th>\n<th><\/th>\n<th><\/th>\n<\/tr>\n<tr>\n<th>Pirmadienis<\/th>\n<td><\/td>\n<td>11:00-23:00<\/td>\n<\/tr>\n<tr>\n<th>Antradienis<\/th>\n<td><\/td>\n<td>11:00-23:00<\/td>\n<\/tr>\n<tr>\n<th>Tre\u010diadienis<\/th>\n<td><\/td>\n<td>11:00-23:00<\/td>\n<\/tr>\n<tr>\n<th>Ketvirtadienis<\/th>\n<td><\/td>\n<td>11:00-24:00<\/td>\n<\/tr>\n<tr>\n<th>Penktadienis<\/th>\n<td><\/td>\n<td>11:00-24:00<\/td>\n<\/tr>\n<tr>\n<th>\u0160e\u0161tadienis<\/th>\n<td><\/td>\n<td>11:00-24:00<\/td>\n<\/tr>\n<tr>\n<th>Sekmadienis<\/th>\n<td><\/td>\n<td>11:00-22:00<\/td>\n<\/tr>\n<\/tbody>\n<\/table>\n<p style=\"text-align: center;\">Savaitgaliais nuo 11:00 iki 13:00 brunch, nuo 13:00 valandos a la carte meniu.<\/p>\n<\/div>\n<div class=\"parallax_scroll_image last\" id=\"map16902171502001679262\" style=\"width:50%;height:500px;float:right;\">\n<div class=\"map-marker\" ><\/div>\n<\/div>\n<p><br class=\"clear\"\/><\/div>\n<\/div>\n<\/div>\n<\/div>\n<div  class=\"one\" style=\"position:relative;padding:0px 0 0px 0;\" >\n<div class=\"standard_wrapper\">\n<div>\n<div class=\"inner\">\n<div class=\"parallax_scroll\" style=\"width:50%;position:absolute;left:90px;background:#fff;padding:0px;z-index:2;block !important;\" data-stellar-ratio=\"1.3\">\n<div style=\"font-size: 30px; text-transform: uppercase; letter-spacing: -1px; font-weight: 300; text-align: center;\"><span style=\"color: #ffffff;\">Centrum Restorano Kontaktai<\/span><\/div>\n<div style=\"text-align: center;\">\n<p style=\"color: #999999;\"><span style=\"color: #ffffff;\"><strong>ADRESAS:<\/strong> Vilniaus g. 17 LT-01402, Vilnius<\/span><\/p>\n<p style=\"color: #999999;\"><span style=\"color: #ffffff;\"><a style=\"font-weight: inherit; font-style: inherit; color: #ffffff;\" href=\"tel:+37061793777\"><strong>TEL. NR.:<\/strong> +370 617 93777<br \/>\n<\/a><\/span><\/p>\n<p style=\"color: #999999;\"><span style=\"color: #ffffff;\"><a style=\"color: #ffffff;\" href=\"mailto:centrum@brusselsmussels.lt\"><strong>EL. PA\u0160TAS:<\/strong> centrum@brusselsmussels.lt<\/a><\/span><\/p>\n<\/div>\n<p style=\"text-align: center;\"><strong><span style=\"color: #ffffff;\">DARBO LAIKAS:<\/span><\/strong><\/p>\n<table class=\"opening_hours_table aligncenter\">\n<tbody>\n<tr>\n<th><\/th>\n<th><\/th>\n<th><\/th>\n<\/tr>\n<tr>\n<th>Pirmadienis<\/th>\n<td><\/td>\n<td>11:00-23:00<\/td>\n<\/tr>\n<tr>\n<th>Antradienis<\/th>\n<td><\/td>\n<td>11:00-23:00<\/td>\n<\/tr>\n<tr>\n<th>Tre\u010diadienis<\/th>\n<td><\/td>\n<td>11:00-23:00<\/td>\n<\/tr>\n<tr>\n<th>Ketvirtadienis<\/th>\n<td><\/td>\n<td>11:00-24:00<\/td>\n<\/tr>\n<tr>\n<th>Penktadienis<\/th>\n<td><\/td>\n<td>11:00-24:00<\/td>\n<\/tr>\n<tr>\n<th>\u0160e\u0161tadienis<\/th>\n<td><\/td>\n<td>11:00-24:00<\/td>\n<\/tr>\n<tr>\n<th>Sekmadienis<\/th>\n<td><\/td>\n<td>11:00-22:00<\/td>\n<\/tr>\n<\/tbody>\n<\/table>\n<p style=\"text-align: center;\">Savaitgaliais nuo 11:00 iki 13:00 brunch, nuo 13:00 valandos a la carte meniu.<\/p>\n<\/div>\n<div class=\"parallax_scroll_image last\" id=\"map16902171501113023320\" style=\"width:50%;height:500px;float:right;\">\n<div class=\"map-marker\" ><\/div>\n<\/div>\n<p><br class=\"clear\"\/><\/div>\n<\/div>\n<\/div>\n<\/div>\n","protected":false},"excerpt":{"rendered":"<p>Stadium Restorano Kontaktai ADRESAS: Rinktin\u0117s g. 5 LT-09234, Vilnius TEL. NR.: +370 617 93777 EL. PA\u0160TAS: stadium@brusselsmussels.lt DARBO LAIKAS: Pirmadienis 11:00-23:00 Antradienis 11:00-23:00 Tre\u010diadienis 11:00-23:00 Ketvirtadienis 11:00-24:00 Penktadienis 11:00-24:00 \u0160e\u0161tadienis 11:00-24:00 Sekmadienis 11:00-22:00 Savaitgaliais nuo 11:00 iki 13:00 brunch, nuo [&hellip;]<\/p>\n","protected":false},"author":1,"featured_media":7762,"parent":0,"menu_order":10,"comment_status":"closed","ping_status":"closed","template":"","meta":{"footnotes":""},"class_list":["post-3448","page","type-page","status-publish","has-post-thumbnail","hentry"],"yoast_head":"<!-- This site is optimized with the Yoast SEO plugin v27.1 - https:\/\/yoast.com\/product\/yoast-seo-wordpress\/ -->\n<title>Kontaktai - Brussels Mussels<\/title>\n<meta name=\"robots\" content=\"index, follow, max-snippet:-1, max-image-preview:large, max-video-preview:-1\" \/>\n<link rel=\"canonical\" href=\"https:\/\/brusselsmussels.lt\/lt\/kontaktai\/\" \/>\n<meta property=\"og:locale\" content=\"lt_LT\" \/>\n<meta property=\"og:type\" content=\"article\" \/>\n<meta property=\"og:title\" content=\"Kontaktai - Brussels Mussels\" \/>\n<meta property=\"og:description\" content=\"Stadium Restorano Kontaktai ADRESAS: Rinktin\u0117s g. 5 LT-09234, Vilnius TEL. NR.: +370 617 93777 EL. PA\u0160TAS: stadium@brusselsmussels.lt DARBO LAIKAS: Pirmadienis 11:00-23:00 Antradienis 11:00-23:00 Tre\u010diadienis 11:00-23:00 Ketvirtadienis 11:00-24:00 Penktadienis 11:00-24:00 \u0160e\u0161tadienis 11:00-24:00 Sekmadienis 11:00-22:00 Savaitgaliais nuo 11:00 iki 13:00 brunch, nuo [&hellip;]\" \/>\n<meta property=\"og:url\" content=\"https:\/\/brusselsmussels.lt\/lt\/kontaktai\/\" \/>\n<meta property=\"og:site_name\" content=\"Brussels Mussels\" \/>\n<meta property=\"article:publisher\" content=\"https:\/\/www.facebook.com\/BrusselsMussels\" \/>\n<meta property=\"article:modified_time\" content=\"2023-07-24T16:45:50+00:00\" \/>\n<meta property=\"og:image\" content=\"https:\/\/brusselsmussels.lt\/wp-content\/uploads\/2023\/07\/413A6515-2-1.jpg\" \/>\n\t<meta property=\"og:image:width\" content=\"2000\" \/>\n\t<meta property=\"og:image:height\" content=\"1333\" \/>\n\t<meta property=\"og:image:type\" content=\"image\/jpeg\" \/>\n<meta name=\"twitter:card\" content=\"summary_large_image\" \/>\n<meta name=\"twitter:label1\" content=\"Est. reading time\" \/>\n\t<meta name=\"twitter:data1\" content=\"8 minut\u0117s\" \/>\n<script type=\"application\/ld+json\" class=\"yoast-schema-graph\">{\"@context\":\"https:\/\/schema.org\",\"@graph\":[{\"@type\":\"WebPage\",\"@id\":\"https:\/\/brusselsmussels.lt\/lt\/kontaktai\/\",\"url\":\"https:\/\/brusselsmussels.lt\/lt\/kontaktai\/\",\"name\":\"Kontaktai - Brussels Mussels\",\"isPartOf\":{\"@id\":\"https:\/\/brusselsmussels.lt\/lt\/#website\"},\"primaryImageOfPage\":{\"@id\":\"https:\/\/brusselsmussels.lt\/lt\/kontaktai\/#primaryimage\"},\"image\":{\"@id\":\"https:\/\/brusselsmussels.lt\/lt\/kontaktai\/#primaryimage\"},\"thumbnailUrl\":\"https:\/\/brusselsmussels.lt\/wp-content\/uploads\/2023\/07\/413A6515-2-1.jpg\",\"datePublished\":\"2015-06-04T12:50:58+00:00\",\"dateModified\":\"2023-07-24T16:45:50+00:00\",\"breadcrumb\":{\"@id\":\"https:\/\/brusselsmussels.lt\/lt\/kontaktai\/#breadcrumb\"},\"inLanguage\":\"lt-LT\",\"potentialAction\":[{\"@type\":\"ReadAction\",\"target\":[\"https:\/\/brusselsmussels.lt\/lt\/kontaktai\/\"]}]},{\"@type\":\"ImageObject\",\"inLanguage\":\"lt-LT\",\"@id\":\"https:\/\/brusselsmussels.lt\/lt\/kontaktai\/#primaryimage\",\"url\":\"https:\/\/brusselsmussels.lt\/wp-content\/uploads\/2023\/07\/413A6515-2-1.jpg\",\"contentUrl\":\"https:\/\/brusselsmussels.lt\/wp-content\/uploads\/2023\/07\/413A6515-2-1.jpg\",\"width\":2000,\"height\":1333},{\"@type\":\"BreadcrumbList\",\"@id\":\"https:\/\/brusselsmussels.lt\/lt\/kontaktai\/#breadcrumb\",\"itemListElement\":[{\"@type\":\"ListItem\",\"position\":1,\"name\":\"Home\",\"item\":\"https:\/\/brusselsmussels.lt\/lt\/\"},{\"@type\":\"ListItem\",\"position\":2,\"name\":\"Kontaktai Kontaktai\"}]},{\"@type\":\"WebSite\",\"@id\":\"https:\/\/brusselsmussels.lt\/lt\/#website\",\"url\":\"https:\/\/brusselsmussels.lt\/lt\/\",\"name\":\"Brussels Mussels\",\"description\":\"Belgian Pub\",\"publisher\":{\"@id\":\"https:\/\/brusselsmussels.lt\/lt\/#organization\"},\"potentialAction\":[{\"@type\":\"SearchAction\",\"target\":{\"@type\":\"EntryPoint\",\"urlTemplate\":\"https:\/\/brusselsmussels.lt\/lt\/?s={search_term_string}\"},\"query-input\":{\"@type\":\"PropertyValueSpecification\",\"valueRequired\":true,\"valueName\":\"search_term_string\"}}],\"inLanguage\":\"lt-LT\"},{\"@type\":\"Organization\",\"@id\":\"https:\/\/brusselsmussels.lt\/lt\/#organization\",\"name\":\"Brussels Mussels - Belgian Pub\",\"url\":\"https:\/\/brusselsmussels.lt\/lt\/\",\"logo\":{\"@type\":\"ImageObject\",\"inLanguage\":\"lt-LT\",\"@id\":\"https:\/\/brusselsmussels.lt\/lt\/#\/schema\/logo\/image\/\",\"url\":\"https:\/\/brusselsmussels.lt\/wp-content\/uploads\/2020\/08\/logo.gif\",\"contentUrl\":\"https:\/\/brusselsmussels.lt\/wp-content\/uploads\/2020\/08\/logo.gif\",\"width\":250,\"height\":250,\"caption\":\"Brussels Mussels - Belgian Pub\"},\"image\":{\"@id\":\"https:\/\/brusselsmussels.lt\/lt\/#\/schema\/logo\/image\/\"},\"sameAs\":[\"https:\/\/www.facebook.com\/BrusselsMussels\",\"https:\/\/www.instagram.com\/brusselsmusselspub\/\"]}]}<\/script>\n<!-- \/ Yoast SEO plugin. -->","yoast_head_json":{"title":"Kontaktai - Brussels Mussels","robots":{"index":"index","follow":"follow","max-snippet":"max-snippet:-1","max-image-preview":"max-image-preview:large","max-video-preview":"max-video-preview:-1"},"canonical":"https:\/\/brusselsmussels.lt\/lt\/kontaktai\/","og_locale":"lt_LT","og_type":"article","og_title":"Kontaktai - Brussels Mussels","og_description":"Stadium Restorano Kontaktai ADRESAS: Rinktin\u0117s g. 5 LT-09234, Vilnius TEL. NR.: +370 617 93777 EL. PA\u0160TAS: stadium@brusselsmussels.lt DARBO LAIKAS: Pirmadienis 11:00-23:00 Antradienis 11:00-23:00 Tre\u010diadienis 11:00-23:00 Ketvirtadienis 11:00-24:00 Penktadienis 11:00-24:00 \u0160e\u0161tadienis 11:00-24:00 Sekmadienis 11:00-22:00 Savaitgaliais nuo 11:00 iki 13:00 brunch, nuo [&hellip;]","og_url":"https:\/\/brusselsmussels.lt\/lt\/kontaktai\/","og_site_name":"Brussels Mussels","article_publisher":"https:\/\/www.facebook.com\/BrusselsMussels","article_modified_time":"2023-07-24T16:45:50+00:00","og_image":[{"width":2000,"height":1333,"url":"https:\/\/brusselsmussels.lt\/wp-content\/uploads\/2023\/07\/413A6515-2-1.jpg","type":"image\/jpeg"}],"twitter_card":"summary_large_image","twitter_misc":{"Est. reading time":"8 minut\u0117s"},"schema":{"@context":"https:\/\/schema.org","@graph":[{"@type":"WebPage","@id":"https:\/\/brusselsmussels.lt\/lt\/kontaktai\/","url":"https:\/\/brusselsmussels.lt\/lt\/kontaktai\/","name":"Kontaktai - Brussels Mussels","isPartOf":{"@id":"https:\/\/brusselsmussels.lt\/lt\/#website"},"primaryImageOfPage":{"@id":"https:\/\/brusselsmussels.lt\/lt\/kontaktai\/#primaryimage"},"image":{"@id":"https:\/\/brusselsmussels.lt\/lt\/kontaktai\/#primaryimage"},"thumbnailUrl":"https:\/\/brusselsmussels.lt\/wp-content\/uploads\/2023\/07\/413A6515-2-1.jpg","datePublished":"2015-06-04T12:50:58+00:00","dateModified":"2023-07-24T16:45:50+00:00","breadcrumb":{"@id":"https:\/\/brusselsmussels.lt\/lt\/kontaktai\/#breadcrumb"},"inLanguage":"lt-LT","potentialAction":[{"@type":"ReadAction","target":["https:\/\/brusselsmussels.lt\/lt\/kontaktai\/"]}]},{"@type":"ImageObject","inLanguage":"lt-LT","@id":"https:\/\/brusselsmussels.lt\/lt\/kontaktai\/#primaryimage","url":"https:\/\/brusselsmussels.lt\/wp-content\/uploads\/2023\/07\/413A6515-2-1.jpg","contentUrl":"https:\/\/brusselsmussels.lt\/wp-content\/uploads\/2023\/07\/413A6515-2-1.jpg","width":2000,"height":1333},{"@type":"BreadcrumbList","@id":"https:\/\/brusselsmussels.lt\/lt\/kontaktai\/#breadcrumb","itemListElement":[{"@type":"ListItem","position":1,"name":"Home","item":"https:\/\/brusselsmussels.lt\/lt\/"},{"@type":"ListItem","position":2,"name":"Kontaktai Kontaktai"}]},{"@type":"WebSite","@id":"https:\/\/brusselsmussels.lt\/lt\/#website","url":"https:\/\/brusselsmussels.lt\/lt\/","name":"Brussels Mussels","description":"Belgian Pub","publisher":{"@id":"https:\/\/brusselsmussels.lt\/lt\/#organization"},"potentialAction":[{"@type":"SearchAction","target":{"@type":"EntryPoint","urlTemplate":"https:\/\/brusselsmussels.lt\/lt\/?s={search_term_string}"},"query-input":{"@type":"PropertyValueSpecification","valueRequired":true,"valueName":"search_term_string"}}],"inLanguage":"lt-LT"},{"@type":"Organization","@id":"https:\/\/brusselsmussels.lt\/lt\/#organization","name":"Brussels Mussels - Belgian Pub","url":"https:\/\/brusselsmussels.lt\/lt\/","logo":{"@type":"ImageObject","inLanguage":"lt-LT","@id":"https:\/\/brusselsmussels.lt\/lt\/#\/schema\/logo\/image\/","url":"https:\/\/brusselsmussels.lt\/wp-content\/uploads\/2020\/08\/logo.gif","contentUrl":"https:\/\/brusselsmussels.lt\/wp-content\/uploads\/2020\/08\/logo.gif","width":250,"height":250,"caption":"Brussels Mussels - Belgian Pub"},"image":{"@id":"https:\/\/brusselsmussels.lt\/lt\/#\/schema\/logo\/image\/"},"sameAs":["https:\/\/www.facebook.com\/BrusselsMussels","https:\/\/www.instagram.com\/brusselsmusselspub\/"]}]}},"_links":{"self":[{"href":"https:\/\/brusselsmussels.lt\/lt\/wp-json\/wp\/v2\/pages\/3448","targetHints":{"allow":["GET"]}}],"collection":[{"href":"https:\/\/brusselsmussels.lt\/lt\/wp-json\/wp\/v2\/pages"}],"about":[{"href":"https:\/\/brusselsmussels.lt\/lt\/wp-json\/wp\/v2\/types\/page"}],"author":[{"embeddable":true,"href":"https:\/\/brusselsmussels.lt\/lt\/wp-json\/wp\/v2\/users\/1"}],"replies":[{"embeddable":true,"href":"https:\/\/brusselsmussels.lt\/lt\/wp-json\/wp\/v2\/comments?post=3448"}],"version-history":[{"count":86,"href":"https:\/\/brusselsmussels.lt\/lt\/wp-json\/wp\/v2\/pages\/3448\/revisions"}],"predecessor-version":[{"id":7768,"href":"https:\/\/brusselsmussels.lt\/lt\/wp-json\/wp\/v2\/pages\/3448\/revisions\/7768"}],"wp:featuredmedia":[{"embeddable":true,"href":"https:\/\/brusselsmussels.lt\/lt\/wp-json\/wp\/v2\/media\/7762"}],"wp:attachment":[{"href":"https:\/\/brusselsmussels.lt\/lt\/wp-json\/wp\/v2\/media?parent=3448"}],"curies":[{"name":"wp","href":"https:\/\/api.w.org\/{rel}","templated":true}]}}