{"id":3,"date":"2020-08-27T07:54:23","date_gmt":"2020-08-27T07:54:23","guid":{"rendered":"http:\/\/brusselsmussels.lt\/?page_id=3"},"modified":"2024-12-26T11:36:52","modified_gmt":"2024-12-26T09:36:52","slug":"privatumo-politika","status":"publish","type":"page","link":"https:\/\/brusselsmussels.lt\/lt\/privatumo-politika\/","title":{"rendered":"Privatumo Privatumo politika"},"content":{"rendered":"\n<p><strong>BENDROSIOS NUOSTATOS<\/strong><\/p>\n\n\n\n<p>Svetain\u0117 www.brusselsmussels.lt priklauso MB \u201eBelgas\u201c, kodas 304823023, adresas Rinktin\u0117s g. 5-101, Vilnius, Lietuvos Respublika, ir \u0161i bendrov\u0117 yra \u0161ioje Privatumo politikoje i\u0161vardint\u0173 j\u016bs\u0173 asmens duomen\u0173 valdytoja.<\/p>\n\n\n\n<p>Gerbiame vis\u0173 m\u016bs\u0173 svetain\u0117s lankytoj\u0173 teis\u0119 \u012f privatum\u0105 ir \u012fsipareigojame u\u017etikrinti j\u016bs\u0173 asmens duomen\u0173 apsaug\u0105 jums lankantis \u0161ioje svetain\u0117je.<\/p>\n\n\n\n<p>\u010cia pateikiame informacij\u0105 apie j\u016bs\u0173 asmens duomen\u0173 rinkim\u0105, tvarkym\u0105 ir saugojim\u0105. J\u016bs\u0173 asmens duomenis tvarkome, laikydamiesi galiojan\u010di\u0173 teis\u0117s akt\u0173, \u012fskaitant 2016 m. baland\u017eio 27 d. Europos parlamento ir tarybos reglament\u0105 (ES) 2016\/679 d\u0117l fizini\u0173 asmen\u0173 apsaugos tvarkant asmens duomenis ir d\u0117l laisvo toki\u0173 duomen\u0173 jud\u0117jimo ir kuriuo panaikinama Direktyva 95\/46\/EB, Lietuvos Respublikos asmens duomen\u0173 teisin\u0117s apsaugos \u012fstatymo, ir \u0161ios Privatumo politikos.<\/p>\n\n\n\n<p>Naudodamiesi \u0161ia svetaine ir (ar) jos teikiamomis paslaugomis ar slapuk\u0173 naudojimo prane\u0161ime paspausdami mygtuk\u0105 \u201eSutinku\u201c, j\u016bs patvirtinate, kad esate susipa\u017ein\u0119 su \u0161ia Privatumo politika ir \u012fsipareigojate jos laikytis.&nbsp;<\/p>\n\n\n\n<p><strong>APIBR\u0116\u017dIMAI<\/strong><\/p>\n\n\n\n<p>\u201eAsmens duomenys\u201c \u2013 tai bet kuri informacija, susijusi su fiziniu asmeniu \u2013 duomen\u0173 subjektu, kurio tapatyb\u0117 yra \u017einoma, arba gali b\u016bti tiesiogiai ar netiesiogiai nustatyta, pasinaudojant tokiais duomenimis, kaip asmens kodas, vienas arba keli asmeniui b\u016bdingi fizinio, fiziologinio, psichologinio, ekonominio, kult\u016brinio ar socialinio pob\u016bd\u017eio po\u017eymiai;<\/p>\n\n\n\n<p>\u201eDuomen\u0173 gav\u0117jas\u201c \u2013 juridinis ar fizinis asmuo, kuriam Duomen\u0173 valdytojas teikia Asmens duomenis ir kuris savaranki\u0161kai nustato gaut\u0173 Asmens duomen\u0173 tvarkymo tikslus ir priemones;<\/p>\n\n\n\n<p>\u201eDuomen\u0173 subjektas\u201c \u2013 fizinis asmuo, kurio Asmens duomenis Duomen\u0173 valdytojas valdo ir (ar) tvarko;<\/p>\n\n\n\n<p>\u201eAsmens duomen\u0173 teikimas\u201c \u2013 Asmens duomen\u0173 atskleidimas, juos perduodant ar juos padarant prieinamais kitu b\u016bdu (i\u0161skyrus toki\u0173 duomen\u0173 pavie\u0161inim\u0105 \u017einiasklaidoje);<\/p>\n\n\n\n<p>\u201eAsmens duomen\u0173 tvarkymas\u201c \u2013 bet kokia automatin\u0117mis ar neautomatin\u0117mis priemon\u0117mis su asmens duomenimis atliekama operacija (\u012fskaitant jos rinkim\u0105, \u012fra\u0161ym\u0105, r\u016b\u0161iavim\u0105, sisteminim\u0105, saugojim\u0105), kuria galima tiesiogiai ar netiesiogiai nustatyti asmens tapatyb\u0119. Pavyzd\u017eiui, j\u016bs\u0173 kontaktiniai duomenys, kurie yra b\u016btini norint jums pristatyti j\u016bs\u0173 \u012fsigyt\u0105 prek\u0119.<\/p>\n\n\n\n<p>\u201eDuomen\u0173 valdytojas\u201c \u2013 MB \u201eBelgas\u201c, kodas 304823023, adresas Rinktin\u0117s g. 5-101, Vilnius<\/p>\n\n\n\n<p><strong>TVARKOMI ASMENS DUOMENYS<\/strong><\/p>\n\n\n\n<p>Mes renkame \u0161iuos m\u016bs\u0173 svetain\u0117s lankytoj\u0173 bei klient\u0173 asmens duomenis:<\/p>\n\n\n\n<p>IP adres\u0105;<\/p>\n\n\n\n<p>J\u016bs\u0173 elgsenos modeli\u0173 statistinius duomenis;<\/p>\n\n\n\n<p>Informacij\u0105 apie apsilankymus svetain\u0117je;<\/p>\n\n\n\n<p>Analitin\u0119 svetain\u0117s lankytoj\u0173 sraut\u0173 informacij\u0105.&nbsp;<\/p>\n\n\n\n<p><strong>DUOMEN\u0172 TVARKYMO TIKSLAI<\/strong><\/p>\n\n\n\n<p>J\u016bs\u0173 asmens duomenis tvarkome tik \u017eemiau nurodytais tikslais:<\/p>\n\n\n\n<ul class=\"wp-block-list\">\n<li>Svetainei optimizuoti. Naudojame j\u016bs\u0173 elgsenos modeli\u0173 statistinius duomenis, siekdami optimizuoti m\u016bs\u0173 svetain\u0119 \u2013 supaprastinti navigacij\u0105 joje ir taip pagerinti j\u016bs\u0173 apsipirkimo patirt\u012f.<\/li>\n\n\n\n<li>Jums aktualiems pasi\u016blymams teikti. Renkame informacij\u0105 apie apsilankymus m\u016bs\u0173 svetain\u0117je, kad gal\u0117tume jums teikti aktualius pasi\u016blymus apie m\u016bs\u0173 nauj\u0105 asortiment\u0105 ir specialius pasi\u016blymus.<\/li>\n<\/ul>\n\n\n\n<p><strong>DUOMEN\u0172 SUBJEKTO TEIS\u0116<\/strong><\/p>\n\n\n\n<p>J\u016bs bet kuriuo momentu galite at\u0161aukti duot\u0105 sutikim\u0105 tvarkyti j\u016bs\u0173 asmens duomenis, prane\u0161dami mums tai el. pa\u0161tu stadium@brusselsmussels.lt<\/p>\n\n\n\n<p><strong>ASMENS DUOMEN\u0172 PERDAVIMAS<\/strong><\/p>\n\n\n\n<p>Mes j\u016bs\u0173 asmens duomenis galime perduoti tik nor\u0117dami \u012fvykdyti m\u016bs\u0173 jums teikiamas paslaugas ir tik tokiems duomen\u0173 tvarkytojams, kurie asmens duomen\u0173 apsaugai u\u017etikrinti taiko tinkamas technines priemones, atitinkan\u010dias Reglamento nuostatas bei u\u017etikrina j\u016bs\u0173, kaip duomen\u0173 subjekto, teises.<\/p>\n\n\n\n<p><strong>SLAPUKAI<\/strong><\/p>\n\n\n\n<p>Slapukai (angl. cookies) \u2013 tai nekenksmingos tekstin\u0117s rinkmenos, kurios yra laikinai \u012fra\u0161omos \u012f tinklalapio lankytoj\u0173 elektroninius \u012frenginius (kompiuterio kiet\u0105j\u012f disk\u0105 ar paie\u0161kos \u201evarikl\u012f\u201c), siekiant optimizuoti lankytojo patirt\u012f toje svetain\u0117je. Pvz., slapukai, i\u0161saugantys \u012f pirkini\u0173 krep\u0161el\u012f sud\u0117t\u0173 preki\u0173 s\u0105ra\u0161\u0105, kuris automati\u0161kai atnaujinamas, kai lankytojas kit\u0105 kart\u0105 \u201eapsilanko\u201c svetain\u0117je, slapukai, \u012fsimenantys j\u016bs\u0173 pasirinkt\u0105 svetain\u0117s kalb\u0105 ir pan.<\/p>\n\n\n\n<p><strong>M\u016aS\u0172 NAUDOJAMI SLAPUKAI<\/strong><\/p>\n\n\n\n<p><strong>Techniniai slapukai.<\/strong> Jie padeda atvaizduoti interneto svetain\u0117s turin\u012f j\u016bs\u0173 nar\u0161ymo \u012frenginyje. Techniniai slapukai taip pat u\u017etikrina tinkam\u0105 svetain\u0117s funkcionalum\u0105 bei pritaikym\u0105 prie j\u016bs\u0173 poreiki\u0173. Pvz., svetain\u0117s vaizdo pritaikym\u0105 j\u016bs\u0173 kompiuterio ekrano dyd\u017eiui. Jie u\u017etikrina ir tinkam\u0105 svetain\u0117s veikim\u0105. \u0160ie slapukai nerenka jokios asmenin\u0117s informacijos, kuri gal\u0117t\u016b b\u016bti naudojama tiesiogin\u0117s rinkodaros tikslais.<\/p>\n\n\n\n<p><strong>Funkciniai slapukai<\/strong>. Jie skirti pagerinti interneto svetain\u0117s funkcionalum\u0105, leid\u017eia svetainei \u012fsiminti j\u016bs\u0173 registracijos duomenis ir i\u0161saugoti j\u016bs\u0173 pasirinkt\u0105 preki\u0173 krep\u0161el\u012f. \u0160ie slapukai nerenka jokios asmenin\u0117s informacijos, kuri gal\u0117t\u016b b\u016bti naudojama tiesiogin\u0117s rinkodaros tikslais.<\/p>\n\n\n\n<p><strong>Analitiniai slapukai<\/strong>. Skirti geriau pa\u017einti m\u016bs\u0173 internetin\u0117s svetain\u0117s lankytojus, kad gal\u0117tume kuo efektyviau pritaikyti jos veikim\u0105 prie j\u016bs\u0173 poreiki\u0173. \u0160i\u0173 slapuk\u0173 pagalba taip pat analizuojame savo veiklos komercin\u012f efektyvum\u0105, siekdami u\u017etikrinti, kad j\u016bs\u0173 apsilankymai m\u016bs\u0173 el.paduotouv\u0117je jums b\u016bt\u0173 naudingi, o si\u016blomos prek\u0117s \u2013 aktualios. Analitini\u0173 slapuk\u0173 surinkta informacija yra bendrin\u0117, ne individualizuota. Analitini\u0173 slapuk\u0173 informacija naudojama ekrane atvaizduojant populiariausias prekes, pateikiant informacij\u0105 apie \u0161iuo metu aktualiausias prekes ir pan. Analitiniai slapukai gali b\u016bti panaudojami ir siekiant \u012fvertinti m\u016bs\u0173 reklamini\u0173 kampanij\u0173 efektyvum\u0105.<\/p>\n\n\n\n<p>Nar\u0161ydami m\u016bs\u0173 svetain\u0117je j\u016bs sutinkate su slapuk\u0173 naudojimu. Savo sutikim\u0105 bet kada galite at\u0161aukti, pakeisdami savo nar\u0161ykl\u0117s nustatymus ir i\u0161trindami \u012fra\u0161ytus slapukus.&nbsp;<\/p>\n\n\n\n<p><strong>NAUDOJAMOS NUORODOS<\/strong><\/p>\n\n\n\n<p>M\u016bs\u0173 svetain\u0117je yra naudojamos nuorodos \u012f tre\u010di\u0173j\u0173 asmen\u0173 svetaines:<a href=\"http:\/\/www.tablein.lt\/\"> www.tablein.lt<\/a>,<a href=\"http:\/\/www.facebook.com\/\"> www.facebook.com<\/a>, <a href=\"http:\/\/www.instagram.com\/\">www.instagram.com<\/a>. Tre\u010di\u0173j\u0173 asmen\u0173 tinklalapiams taikomos atskiros \u2013 \u0161i\u0173 tinklalapi\u0173 \u2013 privatumo politikos nuostatos.&nbsp;<\/p>\n\n\n\n<p><strong>PRIVATUMO POLITIKOS PAKEITIMAI<\/strong><\/p>\n\n\n\n<p>MB \u201eBelgas\u201c pasilieka teis\u0119 keisti \u0161i\u0105 Privatumo Politik\u0105 atitinkamai pagal teis\u0117s akt\u0173 pakeitimus bei verslo poky\u010dius.<\/p>\n\n\n\n<p>Rekomenduojama periodi\u0161kai per\u017ei\u016br\u0117ti \u0161i\u0105 Privatumo Politik\u0105 d\u0117l bet koki\u0173 galim\u0173 pakeitim\u0173.<\/p>\n\n\n\n<p><strong>KONTAKTIN\u0116 INFORMACIJA<\/strong><\/p>\n\n\n\n<p>Esant klausimams, susijusiems su \u0161ia Privatumo Politika ar asmens duomen\u0173 tvarkymu, pra\u0161ome kreiptis \u0161iuo el. pa\u0161tu:\u00a0 <a href=\"mailto:stadium@brusselsmussels.lt\">stadium@brusselsmussels.lt<\/a><\/p>\n\n\n\n<p>Visos restorano \u201eBrussels Mussels\u201c nuosavyb\u0117s teis\u0117s priklauso MB \u201eBelgas\u201c, kodas 304823023, adresas Rinktin\u0117s g. 5-101, Vilnius, Lietuvos Respublika.<\/p>\n\n\n\n<p>Atnaujinta 2024.12.19<\/p>\n","protected":false},"excerpt":{"rendered":"<p>BENDROSIOS NUOSTATOS Svetain\u0117 www.brusselsmussels.lt priklauso MB \u201eBelgas\u201c, kodas 304823023, adresas Rinktin\u0117s g. 5-101, Vilnius, Lietuvos Respublika, ir \u0161i bendrov\u0117 yra \u0161ioje Privatumo politikoje i\u0161vardint\u0173 j\u016bs\u0173 asmens duomen\u0173 valdytoja. Gerbiame vis\u0173 m\u016bs\u0173 svetain\u0117s lankytoj\u0173 teis\u0119 \u012f privatum\u0105 ir \u012fsipareigojame u\u017etikrinti j\u016bs\u0173 [&hellip;]<\/p>\n","protected":false},"author":1,"featured_media":0,"parent":0,"menu_order":7,"comment_status":"closed","ping_status":"closed","template":"","meta":{"footnotes":""},"class_list":["post-3","page","type-page","status-publish","hentry"],"yoast_head":"<!-- This site is optimized with the Yoast SEO plugin v27.5 - https:\/\/yoast.com\/product\/yoast-seo-wordpress\/ -->\n<title>Privatumo Privatumo politika - Brussels Mussels<\/title>\n<meta name=\"robots\" content=\"index, follow, max-snippet:-1, max-image-preview:large, max-video-preview:-1\" \/>\n<link rel=\"canonical\" href=\"https:\/\/brusselsmussels.lt\/lt\/privatumo-politika\/\" \/>\n<meta property=\"og:locale\" content=\"lt_LT\" \/>\n<meta property=\"og:type\" content=\"article\" \/>\n<meta property=\"og:title\" content=\"Privatumo Privatumo politika - Brussels Mussels\" \/>\n<meta property=\"og:description\" content=\"BENDROSIOS NUOSTATOS Svetain\u0117 www.brusselsmussels.lt priklauso MB \u201eBelgas\u201c, kodas 304823023, adresas Rinktin\u0117s g. 5-101, Vilnius, Lietuvos Respublika, ir \u0161i bendrov\u0117 yra \u0161ioje Privatumo politikoje i\u0161vardint\u0173 j\u016bs\u0173 asmens duomen\u0173 valdytoja. Gerbiame vis\u0173 m\u016bs\u0173 svetain\u0117s lankytoj\u0173 teis\u0119 \u012f privatum\u0105 ir \u012fsipareigojame u\u017etikrinti j\u016bs\u0173 [&hellip;]\" \/>\n<meta property=\"og:url\" content=\"https:\/\/brusselsmussels.lt\/lt\/privatumo-politika\/\" \/>\n<meta property=\"og:site_name\" content=\"Brussels Mussels\" \/>\n<meta property=\"article:publisher\" content=\"https:\/\/www.facebook.com\/BrusselsMussels\" \/>\n<meta property=\"article:modified_time\" content=\"2024-12-26T09:36:52+00:00\" \/>\n<meta property=\"og:image\" content=\"https:\/\/brusselsmussels.lt\/wp-content\/uploads\/2020\/09\/2.jpg\" \/>\n\t<meta property=\"og:image:width\" content=\"2000\" \/>\n\t<meta property=\"og:image:height\" content=\"1500\" \/>\n\t<meta property=\"og:image:type\" content=\"image\/jpeg\" \/>\n<meta name=\"twitter:card\" content=\"summary_large_image\" \/>\n<meta name=\"twitter:label1\" content=\"Est. reading time\" \/>\n\t<meta name=\"twitter:data1\" content=\"5 minut\u0117s\" \/>\n<script type=\"application\/ld+json\" class=\"yoast-schema-graph\">{\"@context\":\"https:\\\/\\\/schema.org\",\"@graph\":[{\"@type\":\"WebPage\",\"@id\":\"https:\\\/\\\/brusselsmussels.lt\\\/lt\\\/privatumo-politika\\\/\",\"url\":\"https:\\\/\\\/brusselsmussels.lt\\\/lt\\\/privatumo-politika\\\/\",\"name\":\"Privatumo Privatumo politika - Brussels Mussels\",\"isPartOf\":{\"@id\":\"https:\\\/\\\/brusselsmussels.lt\\\/lt\\\/#website\"},\"datePublished\":\"2020-08-27T07:54:23+00:00\",\"dateModified\":\"2024-12-26T09:36:52+00:00\",\"breadcrumb\":{\"@id\":\"https:\\\/\\\/brusselsmussels.lt\\\/lt\\\/privatumo-politika\\\/#breadcrumb\"},\"inLanguage\":\"lt-LT\",\"potentialAction\":[{\"@type\":\"ReadAction\",\"target\":[\"https:\\\/\\\/brusselsmussels.lt\\\/lt\\\/privatumo-politika\\\/\"]}]},{\"@type\":\"BreadcrumbList\",\"@id\":\"https:\\\/\\\/brusselsmussels.lt\\\/lt\\\/privatumo-politika\\\/#breadcrumb\",\"itemListElement\":[{\"@type\":\"ListItem\",\"position\":1,\"name\":\"Home\",\"item\":\"https:\\\/\\\/brusselsmussels.lt\\\/lt\\\/\"},{\"@type\":\"ListItem\",\"position\":2,\"name\":\"Privatumo Privatumo politika\"}]},{\"@type\":\"WebSite\",\"@id\":\"https:\\\/\\\/brusselsmussels.lt\\\/lt\\\/#website\",\"url\":\"https:\\\/\\\/brusselsmussels.lt\\\/lt\\\/\",\"name\":\"Brussels Mussels\",\"description\":\"Belgian Pub\",\"publisher\":{\"@id\":\"https:\\\/\\\/brusselsmussels.lt\\\/lt\\\/#organization\"},\"potentialAction\":[{\"@type\":\"SearchAction\",\"target\":{\"@type\":\"EntryPoint\",\"urlTemplate\":\"https:\\\/\\\/brusselsmussels.lt\\\/lt\\\/?s={search_term_string}\"},\"query-input\":{\"@type\":\"PropertyValueSpecification\",\"valueRequired\":true,\"valueName\":\"search_term_string\"}}],\"inLanguage\":\"lt-LT\"},{\"@type\":\"Organization\",\"@id\":\"https:\\\/\\\/brusselsmussels.lt\\\/lt\\\/#organization\",\"name\":\"Brussels Mussels - Belgian Pub\",\"url\":\"https:\\\/\\\/brusselsmussels.lt\\\/lt\\\/\",\"logo\":{\"@type\":\"ImageObject\",\"inLanguage\":\"lt-LT\",\"@id\":\"https:\\\/\\\/brusselsmussels.lt\\\/lt\\\/#\\\/schema\\\/logo\\\/image\\\/\",\"url\":\"https:\\\/\\\/brusselsmussels.lt\\\/wp-content\\\/uploads\\\/2020\\\/08\\\/logo.gif\",\"contentUrl\":\"https:\\\/\\\/brusselsmussels.lt\\\/wp-content\\\/uploads\\\/2020\\\/08\\\/logo.gif\",\"width\":250,\"height\":250,\"caption\":\"Brussels Mussels - Belgian Pub\"},\"image\":{\"@id\":\"https:\\\/\\\/brusselsmussels.lt\\\/lt\\\/#\\\/schema\\\/logo\\\/image\\\/\"},\"sameAs\":[\"https:\\\/\\\/www.facebook.com\\\/BrusselsMussels\",\"https:\\\/\\\/www.instagram.com\\\/brusselsmusselspub\\\/\"]}]}<\/script>\n<!-- \/ Yoast SEO plugin. -->","yoast_head_json":{"title":"Privatumo Privatumo politika - Brussels Mussels","robots":{"index":"index","follow":"follow","max-snippet":"max-snippet:-1","max-image-preview":"max-image-preview:large","max-video-preview":"max-video-preview:-1"},"canonical":"https:\/\/brusselsmussels.lt\/lt\/privatumo-politika\/","og_locale":"lt_LT","og_type":"article","og_title":"Privatumo Privatumo politika - Brussels Mussels","og_description":"BENDROSIOS NUOSTATOS Svetain\u0117 www.brusselsmussels.lt priklauso MB \u201eBelgas\u201c, kodas 304823023, adresas Rinktin\u0117s g. 5-101, Vilnius, Lietuvos Respublika, ir \u0161i bendrov\u0117 yra \u0161ioje Privatumo politikoje i\u0161vardint\u0173 j\u016bs\u0173 asmens duomen\u0173 valdytoja. Gerbiame vis\u0173 m\u016bs\u0173 svetain\u0117s lankytoj\u0173 teis\u0119 \u012f privatum\u0105 ir \u012fsipareigojame u\u017etikrinti j\u016bs\u0173 [&hellip;]","og_url":"https:\/\/brusselsmussels.lt\/lt\/privatumo-politika\/","og_site_name":"Brussels Mussels","article_publisher":"https:\/\/www.facebook.com\/BrusselsMussels","article_modified_time":"2024-12-26T09:36:52+00:00","og_image":[{"width":2000,"height":1500,"url":"https:\/\/brusselsmussels.lt\/wp-content\/uploads\/2020\/09\/2.jpg","type":"image\/jpeg"}],"twitter_card":"summary_large_image","twitter_misc":{"Est. reading time":"5 minut\u0117s"},"schema":{"@context":"https:\/\/schema.org","@graph":[{"@type":"WebPage","@id":"https:\/\/brusselsmussels.lt\/lt\/privatumo-politika\/","url":"https:\/\/brusselsmussels.lt\/lt\/privatumo-politika\/","name":"Privatumo Privatumo politika - Brussels Mussels","isPartOf":{"@id":"https:\/\/brusselsmussels.lt\/lt\/#website"},"datePublished":"2020-08-27T07:54:23+00:00","dateModified":"2024-12-26T09:36:52+00:00","breadcrumb":{"@id":"https:\/\/brusselsmussels.lt\/lt\/privatumo-politika\/#breadcrumb"},"inLanguage":"lt-LT","potentialAction":[{"@type":"ReadAction","target":["https:\/\/brusselsmussels.lt\/lt\/privatumo-politika\/"]}]},{"@type":"BreadcrumbList","@id":"https:\/\/brusselsmussels.lt\/lt\/privatumo-politika\/#breadcrumb","itemListElement":[{"@type":"ListItem","position":1,"name":"Home","item":"https:\/\/brusselsmussels.lt\/lt\/"},{"@type":"ListItem","position":2,"name":"Privatumo Privatumo politika"}]},{"@type":"WebSite","@id":"https:\/\/brusselsmussels.lt\/lt\/#website","url":"https:\/\/brusselsmussels.lt\/lt\/","name":"Brussels Mussels","description":"Belgian Pub","publisher":{"@id":"https:\/\/brusselsmussels.lt\/lt\/#organization"},"potentialAction":[{"@type":"SearchAction","target":{"@type":"EntryPoint","urlTemplate":"https:\/\/brusselsmussels.lt\/lt\/?s={search_term_string}"},"query-input":{"@type":"PropertyValueSpecification","valueRequired":true,"valueName":"search_term_string"}}],"inLanguage":"lt-LT"},{"@type":"Organization","@id":"https:\/\/brusselsmussels.lt\/lt\/#organization","name":"Brussels Mussels - Belgian Pub","url":"https:\/\/brusselsmussels.lt\/lt\/","logo":{"@type":"ImageObject","inLanguage":"lt-LT","@id":"https:\/\/brusselsmussels.lt\/lt\/#\/schema\/logo\/image\/","url":"https:\/\/brusselsmussels.lt\/wp-content\/uploads\/2020\/08\/logo.gif","contentUrl":"https:\/\/brusselsmussels.lt\/wp-content\/uploads\/2020\/08\/logo.gif","width":250,"height":250,"caption":"Brussels Mussels - Belgian Pub"},"image":{"@id":"https:\/\/brusselsmussels.lt\/lt\/#\/schema\/logo\/image\/"},"sameAs":["https:\/\/www.facebook.com\/BrusselsMussels","https:\/\/www.instagram.com\/brusselsmusselspub\/"]}]}},"_links":{"self":[{"href":"https:\/\/brusselsmussels.lt\/lt\/wp-json\/wp\/v2\/pages\/3","targetHints":{"allow":["GET"]}}],"collection":[{"href":"https:\/\/brusselsmussels.lt\/lt\/wp-json\/wp\/v2\/pages"}],"about":[{"href":"https:\/\/brusselsmussels.lt\/lt\/wp-json\/wp\/v2\/types\/page"}],"author":[{"embeddable":true,"href":"https:\/\/brusselsmussels.lt\/lt\/wp-json\/wp\/v2\/users\/1"}],"replies":[{"embeddable":true,"href":"https:\/\/brusselsmussels.lt\/lt\/wp-json\/wp\/v2\/comments?post=3"}],"version-history":[{"count":4,"href":"https:\/\/brusselsmussels.lt\/lt\/wp-json\/wp\/v2\/pages\/3\/revisions"}],"predecessor-version":[{"id":8115,"href":"https:\/\/brusselsmussels.lt\/lt\/wp-json\/wp\/v2\/pages\/3\/revisions\/8115"}],"wp:attachment":[{"href":"https:\/\/brusselsmussels.lt\/lt\/wp-json\/wp\/v2\/media?parent=3"}],"curies":[{"name":"wp","href":"https:\/\/api.w.org\/{rel}","templated":true}]}}