{"id":7109,"date":"2021-05-26T11:24:35","date_gmt":"2021-05-26T08:24:35","guid":{"rendered":"https:\/\/brusselsmussels.lt\/pagrindinis\/"},"modified":"2021-06-07T12:41:24","modified_gmt":"2021-06-07T09:41:24","slug":"pagrindinis","status":"publish","type":"page","link":"https:\/\/brusselsmussels.lt\/en\/","title":{"rendered":"Home"},"content":{"rendered":"<div  class=\"one ppb_card_two_cols_with_image\" style=\"position:relative;padding:0px 0 0px 0;\" >\n<div class=\"standard_wrapper\">\n<div class=\"page_content_wrapper\">\n<div class=\"inner\">\n<div class=\"one_half parallax_scroll\" style=\"width:50%;position:absolute;left:90px;padding:0px;z-index:2;block !important;background:#fff;\" data-stellar-ratio=\"1.3\">\n<h2 class=\"ppb_title\" ><span class=\"ppb_title_first\" >About<\/span>About Us<\/h2>\n<div class=\"page_header_sep left\" ><\/div>\n<p>Brussels Mussels &#8211; Belgian style restaurant &#8211; pub.<\/p>\n<p>One of our guest&#8217;s favourite and most popular dishes here are mussel dishes and authentic Belgian waffles.<\/p>\n<p>Rumours circulating Vilnius city say that we cook the best tasting octopus and a great brunch.<\/p>\n<p>Probably we are the only ones in Lithuania who have such a large selection of Belgian beers, as well as a collection of exclusive, quality and rare beers in bottles, which you, of course, can taste!<\/p>\n<p>The Belgian soul is felt not only through food or drink, but also in the interior! Warm, earthy prevailing tones, which create a cosy atmosphere and an extraordinary experience in our restaurant.<\/p>\n<p>One of our spaces is decorated with a unique painting created from 4,500 beer labels.<br \/>\nIn Vilnius there are two cosy restaurants with warm terraces.<\/p>\n<p>Brussels Mussels Stadium is especially popular with guests due to its large terrace and stylish spaces. On weekends DJ creates a party mood.<\/p>\n<p>The restaurant opened its doors on September 2019.<\/p>\n<p>Brussels Mussels Centrum restaurant is located in the very centre of Vilnius &#8211; on Vilnius Street. Exceptionally cosy space and a cosy city terrace.<\/p>\n<p><strong>We recommend book a table before visiting. This can be done every day from 11:00 to 19:00, by phone &#8211; +37061793777.<\/strong><\/div>\n<div class=\"one_half parallax_scroll_image last\" style=\"width:50%;\"><\/div>\n<p><br class=\"clear\"\/><\/div>\n<\/div>\n<\/div>\n<\/div>\n<div  class=\"one withsmallpadding ppb_header \" style=\"text-align:left;padding:30px 0 30px 0;\" >\n<div class=\"standard_wrapper\">\n<div class=\"page_content_wrapper\">\n<div class=\"inner\">\n<div style=\"margin:auto;width:100%%;\">\n<h2 class=\"ppb_title\" style=\"\">Gallery<\/h2>\n<div class=\"page_header_sep left\"><\/div>\n<\/div>\n<\/div>\n<\/div>\n<\/div>\n<\/div>\n<div  class=\"one withsmallpadding ppb_header \" style=\"text-align:left;padding:30px 0 30px 0;\" >\n<div class=\"standard_wrapper\">\n<div class=\"page_content_wrapper\">\n<div class=\"inner\">\n<div style=\"margin:auto;width:100%%;\">\n<h2 class=\"ppb_title\" style=\"\">Gallery<\/h2>\n<div class=\"page_header_sep left\"><\/div>\n<\/div>\n<\/div>\n<\/div>\n<\/div>\n<\/div>\n","protected":false},"excerpt":{"rendered":"<p>AboutAbout Us Brussels Mussels &#8211; Belgian style restaurant &#8211; pub. One of our guest&#8217;s favourite and most popular dishes here are mussel dishes and authentic Belgian waffles. Rumours circulating Vilnius city say that we cook the best tasting octopus and [&hellip;]<\/p>\n","protected":false},"author":1,"featured_media":0,"parent":0,"menu_order":0,"comment_status":"closed","ping_status":"closed","template":"","meta":{"footnotes":""},"class_list":["post-7109","page","type-page","status-publish","hentry"],"yoast_head":"<!-- This site is optimized with the Yoast SEO plugin v27.5 - https:\/\/yoast.com\/product\/yoast-seo-wordpress\/ -->\n<title>Brussels Mussels - Belgian Pub<\/title>\n<meta name=\"description\" content=\"Mes - belgi\u0161ko stiliaus restoranas \u2013 pub\u2019as. M\u016bs\u0173 sve\u010di\u0173 m\u0117gstamiausi ir vieni populiariausi\u0173 \u010dia yra midij\u0173 patiekalai bei autenti\u0161ki belgi\u0161ki vafliai.Vilniaus mieste sklinda gandai, jog gaminame skaniausi\u0105 a\u0161tuonkoj\u012f ir puikius v\u0117lyvuosius pusry\u010dius. Ko gero vieninteliai Lietuvoje turime tok\u012f didel\u012f Belgi\u0161ko alaus pasirinkim\u0105 savo bare, bei i\u0161skirtini\u0173, r\u016b\u0161ini\u0173 ir ret\u0173 alaus r\u016b\u0161i\u0173 kolekcij\u0105 buteliukuose, kuri\u0105 galite, \u017einoma, i\u0161ragauti! Belgi\u0161ka siela jau\u010diama ne tik patiekaluose ar g\u0117rimuose, bet ir interjere! Vyrauja \u0161ilti, \u017eemi\u0161ki tonai, kurie sukuria jauki\u0105 atmosfer\u0105 ir neeilin\u0119 patirt\u012f m\u016bs\u0173 restorane.\" \/>\n<meta name=\"robots\" content=\"index, follow, max-snippet:-1, max-image-preview:large, max-video-preview:-1\" \/>\n<link rel=\"canonical\" href=\"https:\/\/brusselsmussels.lt\/en\/\" \/>\n<meta property=\"og:locale\" content=\"en_US\" \/>\n<meta property=\"og:type\" content=\"article\" \/>\n<meta property=\"og:title\" content=\"Brussels Mussels - Belgian pub\" \/>\n<meta property=\"og:description\" content=\"Mes - belgi\u0161ko stiliaus restoranas \u2013 pub\u2019as.M\u016bs\u0173 sve\u010di\u0173 m\u0117gstamiausi ir vieni populiariausi\u0173 \u010dia yra midij\u0173 patiekalai bei autenti\u0161ki belgi\u0161ki vafliai.Vilniaus mieste sklinda gandai, jog gaminame skaniausi\u0105 a\u0161tuonkoj\u012f ir puikius v\u0117lyvuosius pusry\u010dius.Ko gero vieninteliai Lietuvoje turime tok\u012f didel\u012f Belgi\u0161ko alaus pasirinkim\u0105 savo bare, bei i\u0161skirtini\u0173, r\u016b\u0161ini\u0173 ir ret\u0173 alaus r\u016b\u0161i\u0173 kolekcij\u0105 buteliukuose, kuri\u0105 galite, \u017einoma, i\u0161ragauti!Belgi\u0161ka siela jau\u010diama ne tik patiekaluose ar g\u0117rimuose, bet ir interjere! Vyrauja \u0161ilti, \u017eemi\u0161ki tonai, kurie sukuria jauki\u0105 atmosfer\u0105 ir neeilin\u0119 patirt\u012f m\u016bs\u0173 restorane.\" \/>\n<meta property=\"og:url\" content=\"https:\/\/brusselsmussels.lt\/en\/\" \/>\n<meta property=\"og:site_name\" content=\"Brussels Mussels\" \/>\n<meta property=\"article:publisher\" content=\"https:\/\/www.facebook.com\/BrusselsMussels\" \/>\n<meta property=\"article:modified_time\" content=\"2021-06-07T09:41:24+00:00\" \/>\n<meta property=\"og:image\" content=\"https:\/\/brusselsmussels.lt\/wp-content\/uploads\/2020\/09\/Brussels-Mussels-8.jpg\" \/>\n\t<meta property=\"og:image:width\" content=\"2000\" \/>\n\t<meta property=\"og:image:height\" content=\"1333\" \/>\n\t<meta property=\"og:image:type\" content=\"image\/jpeg\" \/>\n<meta name=\"twitter:card\" content=\"summary_large_image\" \/>\n<meta name=\"twitter:title\" content=\"Brussels Mussels - Belgian pub\" \/>\n<meta name=\"twitter:description\" content=\"Mes - belgi\u0161ko stiliaus restoranas \u2013 pub\u2019as.M\u016bs\u0173 sve\u010di\u0173 m\u0117gstamiausi ir vieni populiariausi\u0173 \u010dia yra midij\u0173 patiekalai bei autenti\u0161ki belgi\u0161ki vafliai.Vilniaus mieste sklinda gandai, jog gaminame skaniausi\u0105 a\u0161tuonkoj\u012f ir puikius v\u0117lyvuosius pusry\u010dius.Ko gero vieninteliai Lietuvoje turime tok\u012f didel\u012f Belgi\u0161ko alaus pasirinkim\u0105 savo bare, bei i\u0161skirtini\u0173, r\u016b\u0161ini\u0173 ir ret\u0173 alaus r\u016b\u0161i\u0173 kolekcij\u0105 buteliukuose, kuri\u0105 galite, \u017einoma, i\u0161ragauti!Belgi\u0161ka siela jau\u010diama ne tik patiekaluose ar g\u0117rimuose, bet ir interjere! Vyrauja \u0161ilti, \u017eemi\u0161ki tonai, kurie sukuria jauki\u0105 atmosfer\u0105 ir neeilin\u0119 patirt\u012f m\u016bs\u0173 restorane.\" \/>\n<meta name=\"twitter:image\" content=\"https:\/\/brusselsmussels.lt\/wp-content\/uploads\/2020\/09\/Brussels-Mussels-8.jpg\" \/>\n<meta name=\"twitter:label1\" content=\"Est. reading time\" \/>\n\t<meta name=\"twitter:data1\" content=\"1 minute\" \/>\n<script type=\"application\/ld+json\" class=\"yoast-schema-graph\">{\"@context\":\"https:\\\/\\\/schema.org\",\"@graph\":[{\"@type\":\"WebPage\",\"@id\":\"https:\\\/\\\/brusselsmussels.lt\\\/en\\\/\",\"url\":\"https:\\\/\\\/brusselsmussels.lt\\\/en\\\/\",\"name\":\"Brussels Mussels - Belgian Pub\",\"isPartOf\":{\"@id\":\"https:\\\/\\\/brusselsmussels.lt\\\/en\\\/#website\"},\"datePublished\":\"2021-05-26T08:24:35+00:00\",\"dateModified\":\"2021-06-07T09:41:24+00:00\",\"description\":\"Mes - belgi\u0161ko stiliaus restoranas \u2013 pub\u2019as. M\u016bs\u0173 sve\u010di\u0173 m\u0117gstamiausi ir vieni populiariausi\u0173 \u010dia yra midij\u0173 patiekalai bei autenti\u0161ki belgi\u0161ki vafliai.Vilniaus mieste sklinda gandai, jog gaminame skaniausi\u0105 a\u0161tuonkoj\u012f ir puikius v\u0117lyvuosius pusry\u010dius. Ko gero vieninteliai Lietuvoje turime tok\u012f didel\u012f Belgi\u0161ko alaus pasirinkim\u0105 savo bare, bei i\u0161skirtini\u0173, r\u016b\u0161ini\u0173 ir ret\u0173 alaus r\u016b\u0161i\u0173 kolekcij\u0105 buteliukuose, kuri\u0105 galite, \u017einoma, i\u0161ragauti! Belgi\u0161ka siela jau\u010diama ne tik patiekaluose ar g\u0117rimuose, bet ir interjere! Vyrauja \u0161ilti, \u017eemi\u0161ki tonai, kurie sukuria jauki\u0105 atmosfer\u0105 ir neeilin\u0119 patirt\u012f m\u016bs\u0173 restorane.\",\"breadcrumb\":{\"@id\":\"https:\\\/\\\/brusselsmussels.lt\\\/en\\\/#breadcrumb\"},\"inLanguage\":\"en-US\",\"potentialAction\":[{\"@type\":\"ReadAction\",\"target\":[\"https:\\\/\\\/brusselsmussels.lt\\\/en\\\/\"]}]},{\"@type\":\"BreadcrumbList\",\"@id\":\"https:\\\/\\\/brusselsmussels.lt\\\/en\\\/#breadcrumb\",\"itemListElement\":[{\"@type\":\"ListItem\",\"position\":1,\"name\":\"Home\",\"item\":\"https:\\\/\\\/brusselsmussels.lt\\\/en\\\/\"},{\"@type\":\"ListItem\",\"position\":2,\"name\":\"Home\"}]},{\"@type\":\"WebSite\",\"@id\":\"https:\\\/\\\/brusselsmussels.lt\\\/en\\\/#website\",\"url\":\"https:\\\/\\\/brusselsmussels.lt\\\/en\\\/\",\"name\":\"Brussels Mussels\",\"description\":\"Belgian Pub\",\"publisher\":{\"@id\":\"https:\\\/\\\/brusselsmussels.lt\\\/en\\\/#organization\"},\"potentialAction\":[{\"@type\":\"SearchAction\",\"target\":{\"@type\":\"EntryPoint\",\"urlTemplate\":\"https:\\\/\\\/brusselsmussels.lt\\\/en\\\/?s={search_term_string}\"},\"query-input\":{\"@type\":\"PropertyValueSpecification\",\"valueRequired\":true,\"valueName\":\"search_term_string\"}}],\"inLanguage\":\"en-US\"},{\"@type\":\"Organization\",\"@id\":\"https:\\\/\\\/brusselsmussels.lt\\\/en\\\/#organization\",\"name\":\"Brussels Mussels - Belgian Pub\",\"url\":\"https:\\\/\\\/brusselsmussels.lt\\\/en\\\/\",\"logo\":{\"@type\":\"ImageObject\",\"inLanguage\":\"en-US\",\"@id\":\"https:\\\/\\\/brusselsmussels.lt\\\/en\\\/#\\\/schema\\\/logo\\\/image\\\/\",\"url\":\"https:\\\/\\\/brusselsmussels.lt\\\/wp-content\\\/uploads\\\/2020\\\/08\\\/logo.gif\",\"contentUrl\":\"https:\\\/\\\/brusselsmussels.lt\\\/wp-content\\\/uploads\\\/2020\\\/08\\\/logo.gif\",\"width\":250,\"height\":250,\"caption\":\"Brussels Mussels - Belgian Pub\"},\"image\":{\"@id\":\"https:\\\/\\\/brusselsmussels.lt\\\/en\\\/#\\\/schema\\\/logo\\\/image\\\/\"},\"sameAs\":[\"https:\\\/\\\/www.facebook.com\\\/BrusselsMussels\",\"https:\\\/\\\/www.instagram.com\\\/brusselsmusselspub\\\/\"]}]}<\/script>\n<!-- \/ Yoast SEO plugin. -->","yoast_head_json":{"title":"Brussels Mussels - Belgian Pub","description":"Mes - belgi\u0161ko stiliaus restoranas \u2013 pub\u2019as. M\u016bs\u0173 sve\u010di\u0173 m\u0117gstamiausi ir vieni populiariausi\u0173 \u010dia yra midij\u0173 patiekalai bei autenti\u0161ki belgi\u0161ki vafliai.Vilniaus mieste sklinda gandai, jog gaminame skaniausi\u0105 a\u0161tuonkoj\u012f ir puikius v\u0117lyvuosius pusry\u010dius. Ko gero vieninteliai Lietuvoje turime tok\u012f didel\u012f Belgi\u0161ko alaus pasirinkim\u0105 savo bare, bei i\u0161skirtini\u0173, r\u016b\u0161ini\u0173 ir ret\u0173 alaus r\u016b\u0161i\u0173 kolekcij\u0105 buteliukuose, kuri\u0105 galite, \u017einoma, i\u0161ragauti! Belgi\u0161ka siela jau\u010diama ne tik patiekaluose ar g\u0117rimuose, bet ir interjere! Vyrauja \u0161ilti, \u017eemi\u0161ki tonai, kurie sukuria jauki\u0105 atmosfer\u0105 ir neeilin\u0119 patirt\u012f m\u016bs\u0173 restorane.","robots":{"index":"index","follow":"follow","max-snippet":"max-snippet:-1","max-image-preview":"max-image-preview:large","max-video-preview":"max-video-preview:-1"},"canonical":"https:\/\/brusselsmussels.lt\/en\/","og_locale":"en_US","og_type":"article","og_title":"Brussels Mussels - Belgian pub","og_description":"Mes - belgi\u0161ko stiliaus restoranas \u2013 pub\u2019as.M\u016bs\u0173 sve\u010di\u0173 m\u0117gstamiausi ir vieni populiariausi\u0173 \u010dia yra midij\u0173 patiekalai bei autenti\u0161ki belgi\u0161ki vafliai.Vilniaus mieste sklinda gandai, jog gaminame skaniausi\u0105 a\u0161tuonkoj\u012f ir puikius v\u0117lyvuosius pusry\u010dius.Ko gero vieninteliai Lietuvoje turime tok\u012f didel\u012f Belgi\u0161ko alaus pasirinkim\u0105 savo bare, bei i\u0161skirtini\u0173, r\u016b\u0161ini\u0173 ir ret\u0173 alaus r\u016b\u0161i\u0173 kolekcij\u0105 buteliukuose, kuri\u0105 galite, \u017einoma, i\u0161ragauti!Belgi\u0161ka siela jau\u010diama ne tik patiekaluose ar g\u0117rimuose, bet ir interjere! Vyrauja \u0161ilti, \u017eemi\u0161ki tonai, kurie sukuria jauki\u0105 atmosfer\u0105 ir neeilin\u0119 patirt\u012f m\u016bs\u0173 restorane.","og_url":"https:\/\/brusselsmussels.lt\/en\/","og_site_name":"Brussels Mussels","article_publisher":"https:\/\/www.facebook.com\/BrusselsMussels","article_modified_time":"2021-06-07T09:41:24+00:00","og_image":[{"width":2000,"height":1333,"url":"https:\/\/brusselsmussels.lt\/wp-content\/uploads\/2020\/09\/Brussels-Mussels-8.jpg","type":"image\/jpeg"}],"twitter_card":"summary_large_image","twitter_title":"Brussels Mussels - Belgian pub","twitter_description":"Mes - belgi\u0161ko stiliaus restoranas \u2013 pub\u2019as.M\u016bs\u0173 sve\u010di\u0173 m\u0117gstamiausi ir vieni populiariausi\u0173 \u010dia yra midij\u0173 patiekalai bei autenti\u0161ki belgi\u0161ki vafliai.Vilniaus mieste sklinda gandai, jog gaminame skaniausi\u0105 a\u0161tuonkoj\u012f ir puikius v\u0117lyvuosius pusry\u010dius.Ko gero vieninteliai Lietuvoje turime tok\u012f didel\u012f Belgi\u0161ko alaus pasirinkim\u0105 savo bare, bei i\u0161skirtini\u0173, r\u016b\u0161ini\u0173 ir ret\u0173 alaus r\u016b\u0161i\u0173 kolekcij\u0105 buteliukuose, kuri\u0105 galite, \u017einoma, i\u0161ragauti!Belgi\u0161ka siela jau\u010diama ne tik patiekaluose ar g\u0117rimuose, bet ir interjere! Vyrauja \u0161ilti, \u017eemi\u0161ki tonai, kurie sukuria jauki\u0105 atmosfer\u0105 ir neeilin\u0119 patirt\u012f m\u016bs\u0173 restorane.","twitter_image":"https:\/\/brusselsmussels.lt\/wp-content\/uploads\/2020\/09\/Brussels-Mussels-8.jpg","twitter_misc":{"Est. reading time":"1 minute"},"schema":{"@context":"https:\/\/schema.org","@graph":[{"@type":"WebPage","@id":"https:\/\/brusselsmussels.lt\/en\/","url":"https:\/\/brusselsmussels.lt\/en\/","name":"Brussels Mussels - Belgian Pub","isPartOf":{"@id":"https:\/\/brusselsmussels.lt\/en\/#website"},"datePublished":"2021-05-26T08:24:35+00:00","dateModified":"2021-06-07T09:41:24+00:00","description":"Mes - belgi\u0161ko stiliaus restoranas \u2013 pub\u2019as. M\u016bs\u0173 sve\u010di\u0173 m\u0117gstamiausi ir vieni populiariausi\u0173 \u010dia yra midij\u0173 patiekalai bei autenti\u0161ki belgi\u0161ki vafliai.Vilniaus mieste sklinda gandai, jog gaminame skaniausi\u0105 a\u0161tuonkoj\u012f ir puikius v\u0117lyvuosius pusry\u010dius. Ko gero vieninteliai Lietuvoje turime tok\u012f didel\u012f Belgi\u0161ko alaus pasirinkim\u0105 savo bare, bei i\u0161skirtini\u0173, r\u016b\u0161ini\u0173 ir ret\u0173 alaus r\u016b\u0161i\u0173 kolekcij\u0105 buteliukuose, kuri\u0105 galite, \u017einoma, i\u0161ragauti! Belgi\u0161ka siela jau\u010diama ne tik patiekaluose ar g\u0117rimuose, bet ir interjere! Vyrauja \u0161ilti, \u017eemi\u0161ki tonai, kurie sukuria jauki\u0105 atmosfer\u0105 ir neeilin\u0119 patirt\u012f m\u016bs\u0173 restorane.","breadcrumb":{"@id":"https:\/\/brusselsmussels.lt\/en\/#breadcrumb"},"inLanguage":"en-US","potentialAction":[{"@type":"ReadAction","target":["https:\/\/brusselsmussels.lt\/en\/"]}]},{"@type":"BreadcrumbList","@id":"https:\/\/brusselsmussels.lt\/en\/#breadcrumb","itemListElement":[{"@type":"ListItem","position":1,"name":"Home","item":"https:\/\/brusselsmussels.lt\/en\/"},{"@type":"ListItem","position":2,"name":"Home"}]},{"@type":"WebSite","@id":"https:\/\/brusselsmussels.lt\/en\/#website","url":"https:\/\/brusselsmussels.lt\/en\/","name":"Brussels Mussels","description":"Belgian Pub","publisher":{"@id":"https:\/\/brusselsmussels.lt\/en\/#organization"},"potentialAction":[{"@type":"SearchAction","target":{"@type":"EntryPoint","urlTemplate":"https:\/\/brusselsmussels.lt\/en\/?s={search_term_string}"},"query-input":{"@type":"PropertyValueSpecification","valueRequired":true,"valueName":"search_term_string"}}],"inLanguage":"en-US"},{"@type":"Organization","@id":"https:\/\/brusselsmussels.lt\/en\/#organization","name":"Brussels Mussels - Belgian Pub","url":"https:\/\/brusselsmussels.lt\/en\/","logo":{"@type":"ImageObject","inLanguage":"en-US","@id":"https:\/\/brusselsmussels.lt\/en\/#\/schema\/logo\/image\/","url":"https:\/\/brusselsmussels.lt\/wp-content\/uploads\/2020\/08\/logo.gif","contentUrl":"https:\/\/brusselsmussels.lt\/wp-content\/uploads\/2020\/08\/logo.gif","width":250,"height":250,"caption":"Brussels Mussels - Belgian Pub"},"image":{"@id":"https:\/\/brusselsmussels.lt\/en\/#\/schema\/logo\/image\/"},"sameAs":["https:\/\/www.facebook.com\/BrusselsMussels","https:\/\/www.instagram.com\/brusselsmusselspub\/"]}]}},"_links":{"self":[{"href":"https:\/\/brusselsmussels.lt\/en\/wp-json\/wp\/v2\/pages\/7109","targetHints":{"allow":["GET"]}}],"collection":[{"href":"https:\/\/brusselsmussels.lt\/en\/wp-json\/wp\/v2\/pages"}],"about":[{"href":"https:\/\/brusselsmussels.lt\/en\/wp-json\/wp\/v2\/types\/page"}],"author":[{"embeddable":true,"href":"https:\/\/brusselsmussels.lt\/en\/wp-json\/wp\/v2\/users\/1"}],"replies":[{"embeddable":true,"href":"https:\/\/brusselsmussels.lt\/en\/wp-json\/wp\/v2\/comments?post=7109"}],"version-history":[{"count":12,"href":"https:\/\/brusselsmussels.lt\/en\/wp-json\/wp\/v2\/pages\/7109\/revisions"}],"predecessor-version":[{"id":7178,"href":"https:\/\/brusselsmussels.lt\/en\/wp-json\/wp\/v2\/pages\/7109\/revisions\/7178"}],"wp:attachment":[{"href":"https:\/\/brusselsmussels.lt\/en\/wp-json\/wp\/v2\/media?parent=7109"}],"curies":[{"name":"wp","href":"https:\/\/api.w.org\/{rel}","templated":true}]}}